{"id":1004,"date":"2026-02-20T13:36:28","date_gmt":"2026-02-20T13:36:28","guid":{"rendered":"https:\/\/www.ramada-encore-geneve.ch\/?page_id=1004"},"modified":"2026-02-27T10:44:40","modified_gmt":"2026-02-27T10:44:40","slug":"unsere-angebote","status":"publish","type":"page","link":"https:\/\/www.ramada-encore-geneve.ch\/de\/ihre-konferenzen-und-veranstaltungen\/unsere-angebote\/","title":{"rendered":"Unsere Angebote"},"content":{"rendered":"<p style=\"text-align: center\">Entdecken Sie alle unsere Angebote f\u00fcr die Organisation Ihres n\u00e4chsten Seminars im Ramada Encore Gen\u00e8ve.<br \/>\nKontaktieren Sie jetzt unser Veranstaltungsteam:<br \/>\n+41 22 309 50 33 oder <a href=\"mailto:event@primeandco.ch\">event@primeandco.ch<\/a><\/p>\n<p>&nbsp;<\/p>\n<h2 style=\"text-align: center\">Sonderangebote<\/h2>\n<h3 style=\"text-align: center\">Ihr Studientag ab CHF 89.- pro Person* statt CHF 109.-<\/h3>\n<p><a href=\"https:\/\/www.ramada-encore-geneve.ch\/de\/setzen-sie-sich-mit-uns-in-verbindung\/\" target=\"_blank\" rel=\"noopener\"  style=\"display:block;text-align:center\"><img loading=\"lazy\" decoding=\"async\" class=\"wp-image-1002 aligncenter\" style=\"max-width: 100%\" src=\"https:\/\/www.ramada-encore-geneve.ch\/wp-content\/uploads\/sites\/412\/2026\/02\/16-9_179-300x169.png\" alt=\"\" width=\"410\" height=\"231\" srcset=\"https:\/\/www.ramada-encore-geneve.ch\/wp-content\/uploads\/sites\/412\/2026\/02\/16-9_179-300x169.png 300w, https:\/\/www.ramada-encore-geneve.ch\/wp-content\/uploads\/sites\/412\/2026\/02\/16-9_179-1024x576.png 1024w, https:\/\/www.ramada-encore-geneve.ch\/wp-content\/uploads\/sites\/412\/2026\/02\/16-9_179-768x432.png 768w, https:\/\/www.ramada-encore-geneve.ch\/wp-content\/uploads\/sites\/412\/2026\/02\/16-9_179-1536x864.png 1536w, https:\/\/www.ramada-encore-geneve.ch\/wp-content\/uploads\/sites\/412\/2026\/02\/16-9_179-800x450.png 800w, https:\/\/www.ramada-encore-geneve.ch\/wp-content\/uploads\/sites\/412\/2026\/02\/16-9_179-200x113.png 200w, https:\/\/www.ramada-encore-geneve.ch\/wp-content\/uploads\/sites\/412\/2026\/02\/16-9_179-1366x768.png 1366w, https:\/\/www.ramada-encore-geneve.ch\/wp-content\/uploads\/sites\/412\/2026\/02\/16-9_179-600x338.png 600w, https:\/\/www.ramada-encore-geneve.ch\/wp-content\/uploads\/sites\/412\/2026\/02\/16-9_179-1000x563.png 1000w, https:\/\/www.ramada-encore-geneve.ch\/wp-content\/uploads\/sites\/412\/2026\/02\/16-9_179.png 1920w\" sizes=\"auto, (max-width: 410px) 100vw, 410px\" \/><\/a><\/p>\n<ul>\n<li>Vermietung eines Raums mit Tageslicht<\/li>\n<li>Vormittagspause<\/li>\n<li>Mittagessen<\/li>\n<li>Nachmittagspause<\/li>\n<li>Beamer, Flipchart, Notizbl\u00f6cke und Stifte, Mineralwasser, gesicherter WLAN-Zugang (200 MB Up-\/Download), Schreibunterlage<\/li>\n<\/ul>\n<p><em>*Angebot g\u00fcltig f\u00fcr mindestens 10 Teilnehmer, nur im Ramada Encore by Wyndham Geneva \u2013 Konferenzzentrum \u2013 Tagungspreis: CHF 89.\u2013 pro Person statt CHF 109.\u2013, g\u00fcltig f\u00fcr alle Buchungen zwischen dem 01.03.2026 und dem 15.05.2026.<\/em><\/p>\n<p><em>Es gelten die Allgemeinen Gesch\u00e4ftsbedingungen des Hotels. Das Angebot ist nicht mit anderen Sonderangeboten kombinierbar und unterliegt der Verf\u00fcgbarkeit.<\/em><\/p>\n\n                <div class='gf_browser_gecko gform_wrapper' id='gform_wrapper_3' ><form method='post' enctype='multipart\/form-data'  id='gform_3'  action='\/de\/wp-json\/wp\/v2\/pages\/1004'>\n                        <div class='gform_body'><ul id='gform_fields_3' class='gform_fields top_label form_sublabel_below description_below'><li id='field_3_1'  class='gfield gfield_contains_required field_sublabel_below field_description_below gfield_visibility_visible' ><label class='gfield_label' for='input_3_1' >Name<span class='gfield_required'>*<\/span><\/label><div class='ginput_container ginput_container_text'><input name='input_1' id='input_3_1' type='text' value='' class='large'    placeholder='dein Name' aria-required=\"true\" aria-invalid=\"false\" \/><\/div><\/li><li id='field_3_2'  class='gfield gfield_contains_required field_sublabel_below field_description_below gfield_visibility_visible' ><label class='gfield_label' for='input_3_2' >Vorname<span class='gfield_required'>*<\/span><\/label><div class='ginput_container ginput_container_text'><input name='input_2' id='input_3_2' type='text' value='' class='large'    placeholder='ihr Vorname' aria-required=\"true\" aria-invalid=\"false\" \/><\/div><\/li><li id='field_3_3'  class='gfield gfield_contains_required field_sublabel_below field_description_below gfield_visibility_visible' ><label class='gfield_label' for='input_3_3' >Email<span class='gfield_required'>*<\/span><\/label><div class='ginput_container ginput_container_email'>\n                            <input name='input_3' id='input_3_3' type='text' value='' class='large'   placeholder='deine E-Mail' aria-required=\"true\" aria-invalid=\"false\" \/>\n                        <\/div><\/li><li id='field_3_7'  class='gfield gfield_contains_required field_sublabel_below field_description_below gfield_visibility_visible' ><label class='gfield_label' for='input_3_7' >Objekt<span class='gfield_required'>*<\/span><\/label><div class='ginput_container ginput_container_select'><select name='input_7' id='input_3_7' class='medium gfield_select'   aria-required=\"true\" aria-invalid=\"false\"><option value='Zimmer (oder Reservierung)' >Zimmer (oder Reservierung)<\/option><option value='Konferenzbereich' >Konferenzbereich<\/option><option value='Restaurant' >Restaurant<\/option><option value='Sonstiges' >Sonstiges<\/option><\/select><\/div><\/li><li id='field_3_4'  class='gfield field_sublabel_below field_description_below gfield_visibility_visible' ><label class='gfield_label' for='input_3_4' >Nachricht<\/label><div class='ginput_container ginput_container_textarea'><textarea name='input_4' id='input_3_4' class='textarea large'    placeholder='Ihre Nachricht ...'  aria-invalid=\"false\"   rows='10' cols='50'><\/textarea><\/div><\/li><li id='field_3_8'  class='gfield field_sublabel_below field_description_below gfield_visibility_visible' ><label class='gfield_label'  >Newsletter abonnieren<\/label><div class='ginput_container ginput_container_checkbox'><ul class='gfield_checkbox' id='input_3_8'><li class='gchoice_3_8_1'>\n\t\t\t\t\t\t\t\t<input name='input_8.1' type='checkbox'  value='Ich abonniere den Newsletter'  id='choice_3_8_1'   \/>\n\t\t\t\t\t\t\t\t<label for='choice_3_8_1' id='label_3_8_1'>Ich abonniere den Newsletter<\/label>\n\t\t\t\t\t\t\t<\/li><\/ul><\/div><\/li><li id='field_3_5'  class='gfield gfield_contains_required field_sublabel_below field_description_below gfield_visibility_visible' ><label class='gfield_label'  >Datenschutzrichtlinie<span class='gfield_required'>*<\/span><\/label><div class='ginput_container ginput_container_checkbox'><ul class='gfield_checkbox' id='input_3_5'><li class='gchoice_3_5_1'>\n\t\t\t\t\t\t\t\t<input name='input_5.1' type='checkbox'  value='Ich habe die Datenschutzrichtlinie gelesen und akzeptiere sie, wie in der erw\u00e4hnt &lt;a href=&quot;https:\/\/ramada.ms.decms.eu\/de\/impressum\/&quot;&gt;impressum &lt;\/a&gt;'  id='choice_3_5_1'   \/>\n\t\t\t\t\t\t\t\t<label for='choice_3_5_1' id='label_3_5_1'>Ich habe die Datenschutzrichtlinie gelesen und akzeptiere sie, wie in der erw\u00e4hnt <a href=\"https:\/\/ramada.ms.decms.eu\/de\/impressum\/\">impressum <\/a><\/label>\n\t\t\t\t\t\t\t<\/li><\/ul><\/div><\/li><li id='field_3_6'  class='gfield field_sublabel_below field_description_below gfield_visibility_visible' ><label class='gfield_label' for='input_3_6' ><\/label><div id='input_3_6' class='ginput_container ginput_recaptcha' data-sitekey='6LcCHqggAAAAAC6V6JazCVbQEYZSIPqQ8K8DcewW'  data-theme='light' data-tabindex='-1' data-size='invisible' data-badge='bottomright'><\/div><\/li><li id='field_3_9'  class='gfield gform_validation_container field_sublabel_below field_description_below gfield_visibility_visible' ><label class='gfield_label' for='input_3_9' >Name<\/label><div class='ginput_container'><input name='input_9' id='input_3_9' type='text' value='' \/><\/div><div class='gfield_description' id='gfield_description_3_9'>Dieses Feld dient zur Validierung und sollte nicht ver\u00e4ndert werden.<\/div><\/li>\n                            <\/ul><\/div>\n        <div class='gform_footer top_label'> <input type='submit' id='gform_submit_button_3' class='gform_button button' value='Senden Sie'  onclick='if(window[\"gf_submitting_3\"]){return false;}  window[\"gf_submitting_3\"]=true;  ' onkeypress='if( event.keyCode == 13 ){ if(window[\"gf_submitting_3\"]){return false;} window[\"gf_submitting_3\"]=true;  jQuery(\"#gform_3\").trigger(\"submit\",[true]); }' \/> \n            <input type='hidden' class='gform_hidden' name='is_submit_3' value='1' \/>\n            <input type='hidden' class='gform_hidden' name='gform_submit' value='3' \/>\n            \n            <input type='hidden' class='gform_hidden' name='gform_unique_id' value='' \/>\n            <input type='hidden' class='gform_hidden' name='state_3' value='WyJbXSIsIjMzYmYyMWNkYTJhNzA4YTM1YzdlNzFmY2RiNzcyYTQwIl0=' \/>\n            <input type='hidden' class='gform_hidden' name='gform_target_page_number_3' id='gform_target_page_number_3' value='0' \/>\n            <input type='hidden' class='gform_hidden' name='gform_source_page_number_3' id='gform_source_page_number_3' value='1' \/>\n            <input type='hidden' name='gform_field_values' value='' \/>\n            \n        <\/div>\n                        <\/form>\n                        <\/div><script type='text\/javascript'> jQuery(document).bind('gform_post_render', function(event, formId, currentPage){if(formId == 3) {if(typeof Placeholders != 'undefined'){\n                        Placeholders.enable();\n                    }} } );jQuery(document).bind('gform_post_conditional_logic', function(event, formId, fields, isInit){} );<\/script><script type='text\/javascript'> jQuery(document).ready(function(){jQuery(document).trigger('gform_post_render', [3, 1]) } ); <\/script>\n","protected":false},"excerpt":{"rendered":"<p>Entdecken Sie alle unsere Angebote f\u00fcr die Organisation Ihres n\u00e4chsten Seminars im Ramada Encore Gen\u00e8ve. Kontaktieren Sie jetzt unser Veranstaltungsteam: +41 22 309 50 33 oder event@primeandco.ch &nbsp; Sonderangebote Ihr Studientag ab CHF 89.- pro Person* statt CHF 109.- Vermietung eines Raums mit Tageslicht Vormittagspause Mittagessen Nachmittagspause Beamer, Flipchart, Notizbl\u00f6cke und Stifte, Mineralwasser, gesicherter WLAN-Zugang [&hellip;]<\/p>\n","protected":false},"author":718,"featured_media":1014,"parent":604,"menu_order":1,"comment_status":"closed","ping_status":"closed","template":"template-offers.php","meta":{"footnotes":""},"class_list":["post-1004","page","type-page","status-publish","has-post-thumbnail","hentry"],"yoast_head":"<!-- This site is optimized with the Yoast SEO plugin v26.9 - https:\/\/yoast.com\/product\/yoast-seo-wordpress\/ -->\n<title>Unsere Angebote | Ramada Encore Geneva<\/title>\n<meta name=\"description\" content=\"Entdecken Sie alle unsere Angebote f\u00fcr die Organisation Ihres n\u00e4chsten Seminars im Ramada Encore Gen\u00e8ve. Kontaktieren Sie jetzt unser Veranstaltungsteam:\" \/>\n<meta name=\"robots\" content=\"index, follow, max-snippet:-1, max-image-preview:large, max-video-preview:-1\" \/>\n<link rel=\"canonical\" href=\"https:\/\/www.ramada-encore-geneve.ch\/de\/ihre-konferenzen-und-veranstaltungen\/unsere-angebote\/\" \/>\n<meta property=\"og:locale\" content=\"de_DE\" \/>\n<meta property=\"og:type\" content=\"article\" \/>\n<meta property=\"og:title\" content=\"Unsere Angebote | Ramada Encore Geneva\" \/>\n<meta property=\"og:description\" content=\"Entdecken Sie alle unsere Angebote f\u00fcr die Organisation Ihres n\u00e4chsten Seminars im Ramada Encore Gen\u00e8ve. Kontaktieren Sie jetzt unser Veranstaltungsteam:\" \/>\n<meta property=\"og:url\" content=\"https:\/\/www.ramada-encore-geneve.ch\/de\/ihre-konferenzen-und-veranstaltungen\/unsere-angebote\/\" \/>\n<meta property=\"og:site_name\" content=\"Ramada Encore Geneva\" \/>\n<meta property=\"article:modified_time\" content=\"2026-02-27T10:44:40+00:00\" \/>\n<meta property=\"og:image\" content=\"https:\/\/www.ramada-encore-geneve.ch\/wp-content\/uploads\/sites\/412\/2026\/02\/Sans-titre-13.png\" \/>\n\t<meta property=\"og:image:width\" content=\"1024\" \/>\n\t<meta property=\"og:image:height\" content=\"1024\" \/>\n\t<meta property=\"og:image:type\" content=\"image\/png\" \/>\n<meta name=\"twitter:card\" content=\"summary_large_image\" \/>\n<meta name=\"twitter:label1\" content=\"Gesch\u00e4tzte Lesezeit\" \/>\n\t<meta name=\"twitter:data1\" content=\"1 Minute\" \/>\n<script type=\"application\/ld+json\" class=\"yoast-schema-graph\">{\"@context\":\"https:\/\/schema.org\",\"@graph\":[{\"@type\":\"WebPage\",\"@id\":\"https:\/\/www.ramada-encore-geneve.ch\/de\/ihre-konferenzen-und-veranstaltungen\/unsere-angebote\/\",\"url\":\"https:\/\/www.ramada-encore-geneve.ch\/de\/ihre-konferenzen-und-veranstaltungen\/unsere-angebote\/\",\"name\":\"Unsere Angebote | Ramada Encore Geneva\",\"isPartOf\":{\"@id\":\"https:\/\/www.ramada-encore-geneve.ch\/de\/#website\"},\"primaryImageOfPage\":{\"@id\":\"https:\/\/www.ramada-encore-geneve.ch\/de\/ihre-konferenzen-und-veranstaltungen\/unsere-angebote\/#primaryimage\"},\"image\":{\"@id\":\"https:\/\/www.ramada-encore-geneve.ch\/de\/ihre-konferenzen-und-veranstaltungen\/unsere-angebote\/#primaryimage\"},\"thumbnailUrl\":\"https:\/\/www.ramada-encore-geneve.ch\/wp-content\/uploads\/sites\/412\/2026\/02\/Sans-titre-13.png\",\"datePublished\":\"2026-02-20T13:36:28+00:00\",\"dateModified\":\"2026-02-27T10:44:40+00:00\",\"description\":\"Entdecken Sie alle unsere Angebote f\u00fcr die Organisation Ihres n\u00e4chsten Seminars im Ramada Encore Gen\u00e8ve. Kontaktieren Sie jetzt unser Veranstaltungsteam:\",\"breadcrumb\":{\"@id\":\"https:\/\/www.ramada-encore-geneve.ch\/de\/ihre-konferenzen-und-veranstaltungen\/unsere-angebote\/#breadcrumb\"},\"inLanguage\":\"de-DE\",\"potentialAction\":[{\"@type\":\"ReadAction\",\"target\":[\"https:\/\/www.ramada-encore-geneve.ch\/de\/ihre-konferenzen-und-veranstaltungen\/unsere-angebote\/\"]}]},{\"@type\":\"ImageObject\",\"inLanguage\":\"de-DE\",\"@id\":\"https:\/\/www.ramada-encore-geneve.ch\/de\/ihre-konferenzen-und-veranstaltungen\/unsere-angebote\/#primaryimage\",\"url\":\"https:\/\/www.ramada-encore-geneve.ch\/wp-content\/uploads\/sites\/412\/2026\/02\/Sans-titre-13.png\",\"contentUrl\":\"https:\/\/www.ramada-encore-geneve.ch\/wp-content\/uploads\/sites\/412\/2026\/02\/Sans-titre-13.png\",\"width\":20000,\"height\":20000},{\"@type\":\"BreadcrumbList\",\"@id\":\"https:\/\/www.ramada-encore-geneve.ch\/de\/ihre-konferenzen-und-veranstaltungen\/unsere-angebote\/#breadcrumb\",\"itemListElement\":[{\"@type\":\"ListItem\",\"position\":1,\"name\":\"Home\",\"item\":\"https:\/\/www.ramada-encore-geneve.ch\/de\/\"},{\"@type\":\"ListItem\",\"position\":2,\"name\":\"Ihre Konferenzen und Veranstaltungen\",\"item\":\"https:\/\/www.ramada-encore-geneve.ch\/de\/ihre-konferenzen-und-veranstaltungen\/\"},{\"@type\":\"ListItem\",\"position\":3,\"name\":\"Unsere Angebote\"}]},{\"@type\":\"WebSite\",\"@id\":\"https:\/\/www.ramada-encore-geneve.ch\/de\/#website\",\"url\":\"https:\/\/www.ramada-encore-geneve.ch\/de\/\",\"name\":\"Ramada Encore Geneva\",\"description\":\"\",\"potentialAction\":[{\"@type\":\"SearchAction\",\"target\":{\"@type\":\"EntryPoint\",\"urlTemplate\":\"https:\/\/www.ramada-encore-geneve.ch\/de\/?s={search_term_string}\"},\"query-input\":{\"@type\":\"PropertyValueSpecification\",\"valueRequired\":true,\"valueName\":\"search_term_string\"}}],\"inLanguage\":\"de-DE\"}]}<\/script>\n<!-- \/ Yoast SEO plugin. -->","yoast_head_json":{"title":"Unsere Angebote | Ramada Encore Geneva","description":"Entdecken Sie alle unsere Angebote f\u00fcr die Organisation Ihres n\u00e4chsten Seminars im Ramada Encore Gen\u00e8ve. Kontaktieren Sie jetzt unser Veranstaltungsteam:","robots":{"index":"index","follow":"follow","max-snippet":"max-snippet:-1","max-image-preview":"max-image-preview:large","max-video-preview":"max-video-preview:-1"},"canonical":"https:\/\/www.ramada-encore-geneve.ch\/de\/ihre-konferenzen-und-veranstaltungen\/unsere-angebote\/","og_locale":"de_DE","og_type":"article","og_title":"Unsere Angebote | Ramada Encore Geneva","og_description":"Entdecken Sie alle unsere Angebote f\u00fcr die Organisation Ihres n\u00e4chsten Seminars im Ramada Encore Gen\u00e8ve. Kontaktieren Sie jetzt unser Veranstaltungsteam:","og_url":"https:\/\/www.ramada-encore-geneve.ch\/de\/ihre-konferenzen-und-veranstaltungen\/unsere-angebote\/","og_site_name":"Ramada Encore Geneva","article_modified_time":"2026-02-27T10:44:40+00:00","og_image":[{"url":"https:\/\/www.ramada-encore-geneve.ch\/wp-content\/uploads\/sites\/412\/2026\/02\/Sans-titre-13.png","width":1024,"height":1024,"type":"image\/png"}],"twitter_card":"summary_large_image","twitter_misc":{"Gesch\u00e4tzte Lesezeit":"1 Minute"},"schema":{"@context":"https:\/\/schema.org","@graph":[{"@type":"WebPage","@id":"https:\/\/www.ramada-encore-geneve.ch\/de\/ihre-konferenzen-und-veranstaltungen\/unsere-angebote\/","url":"https:\/\/www.ramada-encore-geneve.ch\/de\/ihre-konferenzen-und-veranstaltungen\/unsere-angebote\/","name":"Unsere Angebote | Ramada Encore Geneva","isPartOf":{"@id":"https:\/\/www.ramada-encore-geneve.ch\/de\/#website"},"primaryImageOfPage":{"@id":"https:\/\/www.ramada-encore-geneve.ch\/de\/ihre-konferenzen-und-veranstaltungen\/unsere-angebote\/#primaryimage"},"image":{"@id":"https:\/\/www.ramada-encore-geneve.ch\/de\/ihre-konferenzen-und-veranstaltungen\/unsere-angebote\/#primaryimage"},"thumbnailUrl":"https:\/\/www.ramada-encore-geneve.ch\/wp-content\/uploads\/sites\/412\/2026\/02\/Sans-titre-13.png","datePublished":"2026-02-20T13:36:28+00:00","dateModified":"2026-02-27T10:44:40+00:00","description":"Entdecken Sie alle unsere Angebote f\u00fcr die Organisation Ihres n\u00e4chsten Seminars im Ramada Encore Gen\u00e8ve. Kontaktieren Sie jetzt unser Veranstaltungsteam:","breadcrumb":{"@id":"https:\/\/www.ramada-encore-geneve.ch\/de\/ihre-konferenzen-und-veranstaltungen\/unsere-angebote\/#breadcrumb"},"inLanguage":"de-DE","potentialAction":[{"@type":"ReadAction","target":["https:\/\/www.ramada-encore-geneve.ch\/de\/ihre-konferenzen-und-veranstaltungen\/unsere-angebote\/"]}]},{"@type":"ImageObject","inLanguage":"de-DE","@id":"https:\/\/www.ramada-encore-geneve.ch\/de\/ihre-konferenzen-und-veranstaltungen\/unsere-angebote\/#primaryimage","url":"https:\/\/www.ramada-encore-geneve.ch\/wp-content\/uploads\/sites\/412\/2026\/02\/Sans-titre-13.png","contentUrl":"https:\/\/www.ramada-encore-geneve.ch\/wp-content\/uploads\/sites\/412\/2026\/02\/Sans-titre-13.png","width":20000,"height":20000},{"@type":"BreadcrumbList","@id":"https:\/\/www.ramada-encore-geneve.ch\/de\/ihre-konferenzen-und-veranstaltungen\/unsere-angebote\/#breadcrumb","itemListElement":[{"@type":"ListItem","position":1,"name":"Home","item":"https:\/\/www.ramada-encore-geneve.ch\/de\/"},{"@type":"ListItem","position":2,"name":"Ihre Konferenzen und Veranstaltungen","item":"https:\/\/www.ramada-encore-geneve.ch\/de\/ihre-konferenzen-und-veranstaltungen\/"},{"@type":"ListItem","position":3,"name":"Unsere Angebote"}]},{"@type":"WebSite","@id":"https:\/\/www.ramada-encore-geneve.ch\/de\/#website","url":"https:\/\/www.ramada-encore-geneve.ch\/de\/","name":"Ramada Encore Geneva","description":"","potentialAction":[{"@type":"SearchAction","target":{"@type":"EntryPoint","urlTemplate":"https:\/\/www.ramada-encore-geneve.ch\/de\/?s={search_term_string}"},"query-input":{"@type":"PropertyValueSpecification","valueRequired":true,"valueName":"search_term_string"}}],"inLanguage":"de-DE"}]}},"acf":[],"_links":{"self":[{"href":"https:\/\/www.ramada-encore-geneve.ch\/de\/wp-json\/wp\/v2\/pages\/1004","targetHints":{"allow":["GET"]}}],"collection":[{"href":"https:\/\/www.ramada-encore-geneve.ch\/de\/wp-json\/wp\/v2\/pages"}],"about":[{"href":"https:\/\/www.ramada-encore-geneve.ch\/de\/wp-json\/wp\/v2\/types\/page"}],"author":[{"embeddable":true,"href":"https:\/\/www.ramada-encore-geneve.ch\/de\/wp-json\/wp\/v2\/users\/718"}],"replies":[{"embeddable":true,"href":"https:\/\/www.ramada-encore-geneve.ch\/de\/wp-json\/wp\/v2\/comments?post=1004"}],"version-history":[{"count":0,"href":"https:\/\/www.ramada-encore-geneve.ch\/de\/wp-json\/wp\/v2\/pages\/1004\/revisions"}],"up":[{"embeddable":true,"href":"https:\/\/www.ramada-encore-geneve.ch\/de\/wp-json\/wp\/v2\/pages\/604"}],"wp:featuredmedia":[{"embeddable":true,"href":"https:\/\/www.ramada-encore-geneve.ch\/de\/wp-json\/wp\/v2\/media\/1014"}],"wp:attachment":[{"href":"https:\/\/www.ramada-encore-geneve.ch\/de\/wp-json\/wp\/v2\/media?parent=1004"}],"curies":[{"name":"wp","href":"https:\/\/api.w.org\/{rel}","templated":true}]}}