{"id":595,"date":"2022-02-09T14:56:06","date_gmt":"2022-02-09T14:56:06","guid":{"rendered":"https:\/\/ramada.ms.decms.eu\/plus-quun-hotel\/"},"modified":"2026-03-02T07:25:33","modified_gmt":"2026-03-02T07:25:33","slug":"plus-quun-hotel","status":"publish","type":"page","link":"https:\/\/www.ramada-encore-geneve.ch\/de\/","title":{"rendered":"Mehr als nur ein Hotel"},"content":{"rendered":"<p style=\"text-align: center\">Das zwischen den St\u00e4dten Carouge und Lancy in der N\u00e4he des Zentrums von Genf gelegene Hotel Ramada Encore by Wyndham Geneva empf\u00e4ngt Sie in einer gem\u00fctlichen, von zeitgen\u00f6ssischer Architektur gepr\u00e4gten Atmosph\u00e4re. Unsere ger\u00e4umigen Zimmer bieten ma\u00dfgeschneiderten Komfort f\u00fcr Ihre Gesch\u00e4ftsreisen oder Familienaufenthalte: qualitativ hochwertige Betten, Badezimmer mit ebenerdiger Dusche oder Badewanne, Arbeitsbereich und Klimaanlage. W\u00e4hlen Sie Ihr Kopfkissenmodell aus f\u00fcr noch mehr Entspannung.<\/p>\n<p style=\"text-align: center\">Begeben Sie sich nach dem k\u00f6stlichen Fr\u00fchst\u00fccksbuffet im Restaurant <a href=\"https:\/\/www.ramada-encore-geneve.ch\/de\/la-table-grenat\/\">La Table Grenat<\/a> f\u00fcr Ihre Tagung oder Ihr Gesch\u00e4ftstreffen in unser Konferenzzentrum. Neben dem <a href=\"https:\/\/ramada.ms.decms.eu\/de\/ihre-konferenzen-und-veranstaltungen\/\">Event-Center<\/a> und seinem unvergleichlichen Ausblick auf das Genfer Fu\u00dfballstadion (Stade de Gen\u00e8ve) verleihen diese beiden privatisierbaren und modulierbaren R\u00e4ume Ihrer gesch\u00e4ftlichen oder privaten Veranstaltung eine einzigartige Dimension.<\/p>\n<p style=\"text-align: center\">Genie\u00dfen Sie \u00fcberdies die Freizeit- und Aktivit\u00e4tsangebote des <a href=\"https:\/\/ramada.ms.decms.eu\/de\/places\/einkaufszentrum-la-praille\/\">Einkaufszentrums La Praille<\/a>, das sich im selben Geb\u00e4ude wie das Hotel befindet, oder der nur 5 Minuten mit dem Auto entfernten Eissporthalle Les Vernets.<br \/>\nVom rund um die Uhr verf\u00fcgbaren service \u00fcber den Express-W\u00e4scheservice bis hin zum Fitnessclub Harmony Fitness wurde an jedes noch so kleine Detail gedacht, um Ihren Aufenthalt im Ramada Encore by Wyndham Geneva zu einem absolut unvergesslichen Erlebnis zu machen.<\/p>\n","protected":false},"excerpt":{"rendered":"<p>Das zwischen den St\u00e4dten Carouge und Lancy in der N\u00e4he des Zentrums von Genf gelegene Hotel Ramada Encore by Wyndham Geneva empf\u00e4ngt Sie in einer gem\u00fctlichen, von zeitgen\u00f6ssischer Architektur gepr\u00e4gten Atmosph\u00e4re. Unsere ger\u00e4umigen Zimmer bieten ma\u00dfgeschneiderten Komfort f\u00fcr Ihre Gesch\u00e4ftsreisen oder Familienaufenthalte: qualitativ hochwertige Betten, Badezimmer mit ebenerdiger Dusche oder Badewanne, Arbeitsbereich und Klimaanlage. W\u00e4hlen [&hellip;]<\/p>\n","protected":false},"author":46,"featured_media":0,"parent":0,"menu_order":10,"comment_status":"closed","ping_status":"closed","template":"","meta":{"footnotes":""},"class_list":["post-595","page","type-page","status-publish","hentry"],"yoast_head":"<!-- This site is optimized with the Yoast SEO plugin v26.9 - https:\/\/yoast.com\/product\/yoast-seo-wordpress\/ -->\n<title>3-Sterne-Superior-Hotel in Genf La Praille | Hotel Ramada Encore Geneva<\/title>\n<meta name=\"description\" content=\"Herzlich willkommen im Ramada Encore von Genf, einem sich durch elegante Zimmer auszeichnenden 4-Sterne-Hotel mit Restaurant und Bar, Konferenzzentrum und privatisierbaren Bereichen.\" \/>\n<meta name=\"robots\" content=\"index, follow, max-snippet:-1, max-image-preview:large, max-video-preview:-1\" \/>\n<link rel=\"canonical\" href=\"https:\/\/www.ramada-encore-geneve.ch\/de\/\" \/>\n<meta property=\"og:locale\" content=\"de_DE\" \/>\n<meta property=\"og:type\" content=\"article\" \/>\n<meta property=\"og:title\" content=\"3-Sterne-Superior-Hotel in Genf La Praille | Hotel Ramada Encore Geneva\" \/>\n<meta property=\"og:description\" content=\"Herzlich willkommen im Ramada Encore von Genf, einem sich durch elegante Zimmer auszeichnenden 4-Sterne-Hotel mit Restaurant und Bar, Konferenzzentrum und privatisierbaren Bereichen.\" \/>\n<meta property=\"og:url\" content=\"https:\/\/www.ramada-encore-geneve.ch\/de\/\" \/>\n<meta property=\"og:site_name\" content=\"Ramada Encore Geneva\" \/>\n<meta property=\"article:modified_time\" content=\"2026-03-02T07:25:33+00:00\" \/>\n<meta name=\"twitter:card\" content=\"summary_large_image\" \/>\n<meta name=\"twitter:label1\" content=\"Gesch\u00e4tzte Lesezeit\" \/>\n\t<meta name=\"twitter:data1\" content=\"1 Minute\" \/>\n<script type=\"application\/ld+json\" class=\"yoast-schema-graph\">{\"@context\":\"https:\/\/schema.org\",\"@graph\":[{\"@type\":\"WebPage\",\"@id\":\"https:\/\/www.ramada-encore-geneve.ch\/de\/\",\"url\":\"https:\/\/www.ramada-encore-geneve.ch\/de\/\",\"name\":\"3-Sterne-Superior-Hotel in Genf La Praille | Hotel Ramada Encore Geneva\",\"isPartOf\":{\"@id\":\"https:\/\/www.ramada-encore-geneve.ch\/de\/#website\"},\"datePublished\":\"2022-02-09T14:56:06+00:00\",\"dateModified\":\"2026-03-02T07:25:33+00:00\",\"description\":\"Herzlich willkommen im Ramada Encore von Genf, einem sich durch elegante Zimmer auszeichnenden 4-Sterne-Hotel mit Restaurant und Bar, Konferenzzentrum und privatisierbaren Bereichen.\",\"breadcrumb\":{\"@id\":\"https:\/\/www.ramada-encore-geneve.ch\/de\/#breadcrumb\"},\"inLanguage\":\"de-DE\",\"potentialAction\":[{\"@type\":\"ReadAction\",\"target\":[\"https:\/\/www.ramada-encore-geneve.ch\/de\/\"]}]},{\"@type\":\"BreadcrumbList\",\"@id\":\"https:\/\/www.ramada-encore-geneve.ch\/de\/#breadcrumb\",\"itemListElement\":[{\"@type\":\"ListItem\",\"position\":1,\"name\":\"Home\",\"item\":\"https:\/\/www.ramada-encore-geneve.ch\/de\/\"},{\"@type\":\"ListItem\",\"position\":2,\"name\":\"Mehr als nur ein Hotel\"}]},{\"@type\":\"WebSite\",\"@id\":\"https:\/\/www.ramada-encore-geneve.ch\/de\/#website\",\"url\":\"https:\/\/www.ramada-encore-geneve.ch\/de\/\",\"name\":\"Ramada Encore Geneva\",\"description\":\"\",\"potentialAction\":[{\"@type\":\"SearchAction\",\"target\":{\"@type\":\"EntryPoint\",\"urlTemplate\":\"https:\/\/www.ramada-encore-geneve.ch\/de\/?s={search_term_string}\"},\"query-input\":{\"@type\":\"PropertyValueSpecification\",\"valueRequired\":true,\"valueName\":\"search_term_string\"}}],\"inLanguage\":\"de-DE\"}]}<\/script>\n<!-- \/ Yoast SEO plugin. -->","yoast_head_json":{"title":"3-Sterne-Superior-Hotel in Genf La Praille | Hotel Ramada Encore Geneva","description":"Herzlich willkommen im Ramada Encore von Genf, einem sich durch elegante Zimmer auszeichnenden 4-Sterne-Hotel mit Restaurant und Bar, Konferenzzentrum und privatisierbaren Bereichen.","robots":{"index":"index","follow":"follow","max-snippet":"max-snippet:-1","max-image-preview":"max-image-preview:large","max-video-preview":"max-video-preview:-1"},"canonical":"https:\/\/www.ramada-encore-geneve.ch\/de\/","og_locale":"de_DE","og_type":"article","og_title":"3-Sterne-Superior-Hotel in Genf La Praille | Hotel Ramada Encore Geneva","og_description":"Herzlich willkommen im Ramada Encore von Genf, einem sich durch elegante Zimmer auszeichnenden 4-Sterne-Hotel mit Restaurant und Bar, Konferenzzentrum und privatisierbaren Bereichen.","og_url":"https:\/\/www.ramada-encore-geneve.ch\/de\/","og_site_name":"Ramada Encore Geneva","article_modified_time":"2026-03-02T07:25:33+00:00","twitter_card":"summary_large_image","twitter_misc":{"Gesch\u00e4tzte Lesezeit":"1 Minute"},"schema":{"@context":"https:\/\/schema.org","@graph":[{"@type":"WebPage","@id":"https:\/\/www.ramada-encore-geneve.ch\/de\/","url":"https:\/\/www.ramada-encore-geneve.ch\/de\/","name":"3-Sterne-Superior-Hotel in Genf La Praille | Hotel Ramada Encore Geneva","isPartOf":{"@id":"https:\/\/www.ramada-encore-geneve.ch\/de\/#website"},"datePublished":"2022-02-09T14:56:06+00:00","dateModified":"2026-03-02T07:25:33+00:00","description":"Herzlich willkommen im Ramada Encore von Genf, einem sich durch elegante Zimmer auszeichnenden 4-Sterne-Hotel mit Restaurant und Bar, Konferenzzentrum und privatisierbaren Bereichen.","breadcrumb":{"@id":"https:\/\/www.ramada-encore-geneve.ch\/de\/#breadcrumb"},"inLanguage":"de-DE","potentialAction":[{"@type":"ReadAction","target":["https:\/\/www.ramada-encore-geneve.ch\/de\/"]}]},{"@type":"BreadcrumbList","@id":"https:\/\/www.ramada-encore-geneve.ch\/de\/#breadcrumb","itemListElement":[{"@type":"ListItem","position":1,"name":"Home","item":"https:\/\/www.ramada-encore-geneve.ch\/de\/"},{"@type":"ListItem","position":2,"name":"Mehr als nur ein Hotel"}]},{"@type":"WebSite","@id":"https:\/\/www.ramada-encore-geneve.ch\/de\/#website","url":"https:\/\/www.ramada-encore-geneve.ch\/de\/","name":"Ramada Encore Geneva","description":"","potentialAction":[{"@type":"SearchAction","target":{"@type":"EntryPoint","urlTemplate":"https:\/\/www.ramada-encore-geneve.ch\/de\/?s={search_term_string}"},"query-input":{"@type":"PropertyValueSpecification","valueRequired":true,"valueName":"search_term_string"}}],"inLanguage":"de-DE"}]}},"acf":[],"_links":{"self":[{"href":"https:\/\/www.ramada-encore-geneve.ch\/de\/wp-json\/wp\/v2\/pages\/595","targetHints":{"allow":["GET"]}}],"collection":[{"href":"https:\/\/www.ramada-encore-geneve.ch\/de\/wp-json\/wp\/v2\/pages"}],"about":[{"href":"https:\/\/www.ramada-encore-geneve.ch\/de\/wp-json\/wp\/v2\/types\/page"}],"author":[{"embeddable":true,"href":"https:\/\/www.ramada-encore-geneve.ch\/de\/wp-json\/wp\/v2\/users\/46"}],"replies":[{"embeddable":true,"href":"https:\/\/www.ramada-encore-geneve.ch\/de\/wp-json\/wp\/v2\/comments?post=595"}],"version-history":[{"count":0,"href":"https:\/\/www.ramada-encore-geneve.ch\/de\/wp-json\/wp\/v2\/pages\/595\/revisions"}],"wp:attachment":[{"href":"https:\/\/www.ramada-encore-geneve.ch\/de\/wp-json\/wp\/v2\/media?parent=595"}],"curies":[{"name":"wp","href":"https:\/\/api.w.org\/{rel}","templated":true}]}}