{"id":596,"date":"2022-06-21T10:19:07","date_gmt":"2022-06-21T10:19:07","guid":{"rendered":"https:\/\/ramada.ms.decms.eu\/nos-chambres-4-etoiles\/"},"modified":"2025-10-13T06:10:52","modified_gmt":"2025-10-13T06:10:52","slug":"unsere-zimmer","status":"publish","type":"page","link":"https:\/\/www.ramada-encore-geneve.ch\/de\/unsere-zimmer\/","title":{"rendered":"Unsere Zimmer"},"content":{"rendered":"<p style=\"text-align: center\">Ganz gleich ob f\u00fcr Gesch\u00e4ftsreisen oder Wochenendaufenthalte: Unsere verschiedenen Zimmerkategorien passen sich all Ihren Bed\u00fcrfnissen an. Sie sind ger\u00e4umig und werden dank ihres breiten Schreibtisches m\u00fchelos zu Ihrem neuen privaten Arbeitsbereich oder zu Ihrem privaten Wohnzimmer, in dem Sie sich nach Ihren Freizeitaktivit\u00e4ten ausruhen k\u00f6nnen. Ein gro\u00dfz\u00fcgiges Badezimmer in schlichtem Design l\u00e4dt Sie zu einem Moment des Wohlbefindens und der Entspannung ein. Profitieren Sie vom rund um die Uhr verf\u00fcgbaren Zimmerservice oder g\u00f6nnen Sie sich ein Gourmet-Dinner in unserem <a href=\"https:\/\/www.ramada-encore-geneve.ch\/de\/la-table-grenat\/\">Restaurant La Table Grenat<\/a>.<\/p>\n","protected":false},"excerpt":{"rendered":"<p>Ganz gleich ob f\u00fcr Gesch\u00e4ftsreisen oder Wochenendaufenthalte: Unsere verschiedenen Zimmerkategorien passen sich all Ihren Bed\u00fcrfnissen an. Sie sind ger\u00e4umig und werden dank ihres breiten Schreibtisches m\u00fchelos zu Ihrem neuen privaten Arbeitsbereich oder zu Ihrem privaten Wohnzimmer, in dem Sie sich nach Ihren Freizeitaktivit\u00e4ten ausruhen k\u00f6nnen. Ein gro\u00dfz\u00fcgiges Badezimmer in schlichtem Design l\u00e4dt Sie zu einem [&hellip;]<\/p>\n","protected":false},"author":474,"featured_media":0,"parent":0,"menu_order":20,"comment_status":"closed","ping_status":"closed","template":"template-rooms.php","meta":{"footnotes":""},"class_list":["post-596","page","type-page","status-publish","hentry"],"yoast_head":"<!-- This site is optimized with the Yoast SEO plugin v26.9 - https:\/\/yoast.com\/product\/yoast-seo-wordpress\/ -->\n<title>Unsere 4-Sterne-Zimmer | Hotel Ramada Encore by Wyndham Geneva<\/title>\n<meta name=\"description\" content=\"Das Hotel Ramada Encore by Wyndham Geneva empf\u00e4ngt Sie in gem\u00fctlichen Zimmern mit einem rund um die Uhr verf\u00fcgbaren Zimmerservice f\u00fcr Ihre privaten oder gesch\u00e4ftlichen Aufenthalte.\" \/>\n<meta name=\"robots\" content=\"index, follow, max-snippet:-1, max-image-preview:large, max-video-preview:-1\" \/>\n<link rel=\"canonical\" href=\"https:\/\/www.ramada-encore-geneve.ch\/de\/unsere-zimmer\/\" \/>\n<meta property=\"og:locale\" content=\"de_DE\" \/>\n<meta property=\"og:type\" content=\"article\" \/>\n<meta property=\"og:title\" content=\"Unsere 4-Sterne-Zimmer | Hotel Ramada Encore by Wyndham Geneva\" \/>\n<meta property=\"og:description\" content=\"Das Hotel Ramada Encore by Wyndham Geneva empf\u00e4ngt Sie in gem\u00fctlichen Zimmern mit einem rund um die Uhr verf\u00fcgbaren Zimmerservice f\u00fcr Ihre privaten oder gesch\u00e4ftlichen Aufenthalte.\" \/>\n<meta property=\"og:url\" content=\"https:\/\/www.ramada-encore-geneve.ch\/de\/unsere-zimmer\/\" \/>\n<meta property=\"og:site_name\" content=\"Ramada Encore Geneva\" \/>\n<meta property=\"article:modified_time\" content=\"2025-10-13T06:10:52+00:00\" \/>\n<meta name=\"twitter:card\" content=\"summary_large_image\" \/>\n<meta name=\"twitter:label1\" content=\"Gesch\u00e4tzte Lesezeit\" \/>\n\t<meta name=\"twitter:data1\" content=\"1 Minute\" \/>\n<script type=\"application\/ld+json\" class=\"yoast-schema-graph\">{\"@context\":\"https:\/\/schema.org\",\"@graph\":[{\"@type\":\"WebPage\",\"@id\":\"https:\/\/www.ramada-encore-geneve.ch\/de\/unsere-zimmer\/\",\"url\":\"https:\/\/www.ramada-encore-geneve.ch\/de\/unsere-zimmer\/\",\"name\":\"Unsere 4-Sterne-Zimmer | Hotel Ramada Encore by Wyndham Geneva\",\"isPartOf\":{\"@id\":\"https:\/\/www.ramada-encore-geneve.ch\/de\/#website\"},\"datePublished\":\"2022-06-21T10:19:07+00:00\",\"dateModified\":\"2025-10-13T06:10:52+00:00\",\"description\":\"Das Hotel Ramada Encore by Wyndham Geneva empf\u00e4ngt Sie in gem\u00fctlichen Zimmern mit einem rund um die Uhr verf\u00fcgbaren Zimmerservice f\u00fcr Ihre privaten oder gesch\u00e4ftlichen Aufenthalte.\",\"breadcrumb\":{\"@id\":\"https:\/\/www.ramada-encore-geneve.ch\/de\/unsere-zimmer\/#breadcrumb\"},\"inLanguage\":\"de-DE\",\"potentialAction\":[{\"@type\":\"ReadAction\",\"target\":[\"https:\/\/www.ramada-encore-geneve.ch\/de\/unsere-zimmer\/\"]}]},{\"@type\":\"BreadcrumbList\",\"@id\":\"https:\/\/www.ramada-encore-geneve.ch\/de\/unsere-zimmer\/#breadcrumb\",\"itemListElement\":[{\"@type\":\"ListItem\",\"position\":1,\"name\":\"Home\",\"item\":\"https:\/\/www.ramada-encore-geneve.ch\/de\/\"},{\"@type\":\"ListItem\",\"position\":2,\"name\":\"Unsere Zimmer\"}]},{\"@type\":\"WebSite\",\"@id\":\"https:\/\/www.ramada-encore-geneve.ch\/de\/#website\",\"url\":\"https:\/\/www.ramada-encore-geneve.ch\/de\/\",\"name\":\"Ramada Encore Geneva\",\"description\":\"\",\"potentialAction\":[{\"@type\":\"SearchAction\",\"target\":{\"@type\":\"EntryPoint\",\"urlTemplate\":\"https:\/\/www.ramada-encore-geneve.ch\/de\/?s={search_term_string}\"},\"query-input\":{\"@type\":\"PropertyValueSpecification\",\"valueRequired\":true,\"valueName\":\"search_term_string\"}}],\"inLanguage\":\"de-DE\"}]}<\/script>\n<!-- \/ Yoast SEO plugin. -->","yoast_head_json":{"title":"Unsere 4-Sterne-Zimmer | Hotel Ramada Encore by Wyndham Geneva","description":"Das Hotel Ramada Encore by Wyndham Geneva empf\u00e4ngt Sie in gem\u00fctlichen Zimmern mit einem rund um die Uhr verf\u00fcgbaren Zimmerservice f\u00fcr Ihre privaten oder gesch\u00e4ftlichen Aufenthalte.","robots":{"index":"index","follow":"follow","max-snippet":"max-snippet:-1","max-image-preview":"max-image-preview:large","max-video-preview":"max-video-preview:-1"},"canonical":"https:\/\/www.ramada-encore-geneve.ch\/de\/unsere-zimmer\/","og_locale":"de_DE","og_type":"article","og_title":"Unsere 4-Sterne-Zimmer | Hotel Ramada Encore by Wyndham Geneva","og_description":"Das Hotel Ramada Encore by Wyndham Geneva empf\u00e4ngt Sie in gem\u00fctlichen Zimmern mit einem rund um die Uhr verf\u00fcgbaren Zimmerservice f\u00fcr Ihre privaten oder gesch\u00e4ftlichen Aufenthalte.","og_url":"https:\/\/www.ramada-encore-geneve.ch\/de\/unsere-zimmer\/","og_site_name":"Ramada Encore Geneva","article_modified_time":"2025-10-13T06:10:52+00:00","twitter_card":"summary_large_image","twitter_misc":{"Gesch\u00e4tzte Lesezeit":"1 Minute"},"schema":{"@context":"https:\/\/schema.org","@graph":[{"@type":"WebPage","@id":"https:\/\/www.ramada-encore-geneve.ch\/de\/unsere-zimmer\/","url":"https:\/\/www.ramada-encore-geneve.ch\/de\/unsere-zimmer\/","name":"Unsere 4-Sterne-Zimmer | Hotel Ramada Encore by Wyndham Geneva","isPartOf":{"@id":"https:\/\/www.ramada-encore-geneve.ch\/de\/#website"},"datePublished":"2022-06-21T10:19:07+00:00","dateModified":"2025-10-13T06:10:52+00:00","description":"Das Hotel Ramada Encore by Wyndham Geneva empf\u00e4ngt Sie in gem\u00fctlichen Zimmern mit einem rund um die Uhr verf\u00fcgbaren Zimmerservice f\u00fcr Ihre privaten oder gesch\u00e4ftlichen Aufenthalte.","breadcrumb":{"@id":"https:\/\/www.ramada-encore-geneve.ch\/de\/unsere-zimmer\/#breadcrumb"},"inLanguage":"de-DE","potentialAction":[{"@type":"ReadAction","target":["https:\/\/www.ramada-encore-geneve.ch\/de\/unsere-zimmer\/"]}]},{"@type":"BreadcrumbList","@id":"https:\/\/www.ramada-encore-geneve.ch\/de\/unsere-zimmer\/#breadcrumb","itemListElement":[{"@type":"ListItem","position":1,"name":"Home","item":"https:\/\/www.ramada-encore-geneve.ch\/de\/"},{"@type":"ListItem","position":2,"name":"Unsere Zimmer"}]},{"@type":"WebSite","@id":"https:\/\/www.ramada-encore-geneve.ch\/de\/#website","url":"https:\/\/www.ramada-encore-geneve.ch\/de\/","name":"Ramada Encore Geneva","description":"","potentialAction":[{"@type":"SearchAction","target":{"@type":"EntryPoint","urlTemplate":"https:\/\/www.ramada-encore-geneve.ch\/de\/?s={search_term_string}"},"query-input":{"@type":"PropertyValueSpecification","valueRequired":true,"valueName":"search_term_string"}}],"inLanguage":"de-DE"}]}},"acf":[],"_links":{"self":[{"href":"https:\/\/www.ramada-encore-geneve.ch\/de\/wp-json\/wp\/v2\/pages\/596","targetHints":{"allow":["GET"]}}],"collection":[{"href":"https:\/\/www.ramada-encore-geneve.ch\/de\/wp-json\/wp\/v2\/pages"}],"about":[{"href":"https:\/\/www.ramada-encore-geneve.ch\/de\/wp-json\/wp\/v2\/types\/page"}],"author":[{"embeddable":true,"href":"https:\/\/www.ramada-encore-geneve.ch\/de\/wp-json\/wp\/v2\/users\/474"}],"replies":[{"embeddable":true,"href":"https:\/\/www.ramada-encore-geneve.ch\/de\/wp-json\/wp\/v2\/comments?post=596"}],"version-history":[{"count":0,"href":"https:\/\/www.ramada-encore-geneve.ch\/de\/wp-json\/wp\/v2\/pages\/596\/revisions"}],"wp:attachment":[{"href":"https:\/\/www.ramada-encore-geneve.ch\/de\/wp-json\/wp\/v2\/media?parent=596"}],"curies":[{"name":"wp","href":"https:\/\/api.w.org\/{rel}","templated":true}]}}