{"id":601,"date":"2022-06-21T14:58:36","date_gmt":"2022-06-21T14:58:36","guid":{"rendered":"https:\/\/ramada.ms.decms.eu\/services\/harmony-fitness\/"},"modified":"2022-10-21T12:32:34","modified_gmt":"2022-10-21T12:32:34","slug":"harmony-fitness","status":"publish","type":"page","link":"https:\/\/www.ramada-encore-geneve.ch\/de\/serviceleistungen\/harmony-fitness\/","title":{"rendered":"Harmony Fitness"},"content":{"rendered":"<p style=\"text-align: center;\"><span style=\"font-weight: 400;\">Unsere G\u00e4ste profitieren von Vorzugspreisen f\u00fcr das Fitnessstudio Harmony Fitness &amp; Spa, das sich im Einkaufszentrum La Praille (im selben Geb\u00e4udekomplex des Hotels) befindet. Verausgaben Sie sich k\u00f6rperlich bei einem Zumbakurs oder genie\u00dfen Sie einen Moment der Entspannung im Whirlpool.<\/span><\/p>\n<p style=\"text-align: center;\"><span style=\"font-weight: 400;\">Das Hotel verf\u00fcgt \u00fcber zwei eigene Massager\u00e4ume. Wenden Sie sich f\u00fcr Buchungen bitte an die Rezeption.<\/span><\/p>\n","protected":false},"excerpt":{"rendered":"<p>Unsere G\u00e4ste profitieren von Vorzugspreisen f\u00fcr das Fitnessstudio Harmony Fitness &amp; Spa, das sich im Einkaufszentrum La Praille (im selben Geb\u00e4udekomplex des Hotels) befindet. Verausgaben Sie sich k\u00f6rperlich bei einem Zumbakurs oder genie\u00dfen Sie einen Moment der Entspannung im Whirlpool. Das Hotel verf\u00fcgt \u00fcber zwei eigene Massager\u00e4ume. Wenden Sie sich f\u00fcr Buchungen bitte an die [&hellip;]<\/p>\n","protected":false},"author":475,"featured_media":0,"parent":599,"menu_order":320,"comment_status":"closed","ping_status":"closed","template":"template-single-service-2.php","meta":{"footnotes":""},"class_list":["post-601","page","type-page","status-publish","hentry"],"yoast_head":"<!-- This site is optimized with the Yoast SEO plugin v26.9 - https:\/\/yoast.com\/product\/yoast-seo-wordpress\/ -->\n<title>Fitnessstudio &amp; Spa \u2013 Harmony Fitness | Hotel Ramada Encore by Wyndham Geneva<\/title>\n<meta name=\"description\" content=\"Entdecken Sie das erstklassige Fitnessstudio Harmony Fitness und sein Wellness-Center in unmittelbarer N\u00e4he des 4-Sterne Hotels Ramada Encore by Wyndham in Genf.\" \/>\n<meta name=\"robots\" content=\"index, follow, max-snippet:-1, max-image-preview:large, max-video-preview:-1\" \/>\n<link rel=\"canonical\" href=\"https:\/\/www.ramada-encore-geneve.ch\/de\/serviceleistungen\/harmony-fitness\/\" \/>\n<meta property=\"og:locale\" content=\"de_DE\" \/>\n<meta property=\"og:type\" content=\"article\" \/>\n<meta property=\"og:title\" content=\"Fitnessstudio &amp; Spa \u2013 Harmony Fitness | Hotel Ramada Encore by Wyndham Geneva\" \/>\n<meta property=\"og:description\" content=\"Entdecken Sie das erstklassige Fitnessstudio Harmony Fitness und sein Wellness-Center in unmittelbarer N\u00e4he des 4-Sterne Hotels Ramada Encore by Wyndham in Genf.\" \/>\n<meta property=\"og:url\" content=\"https:\/\/www.ramada-encore-geneve.ch\/de\/serviceleistungen\/harmony-fitness\/\" \/>\n<meta property=\"og:site_name\" content=\"Ramada Encore Geneva\" \/>\n<meta property=\"article:modified_time\" content=\"2022-10-21T12:32:34+00:00\" \/>\n<meta name=\"twitter:card\" content=\"summary_large_image\" \/>\n<meta name=\"twitter:label1\" content=\"Gesch\u00e4tzte Lesezeit\" \/>\n\t<meta name=\"twitter:data1\" content=\"1 Minute\" \/>\n<script type=\"application\/ld+json\" class=\"yoast-schema-graph\">{\"@context\":\"https:\/\/schema.org\",\"@graph\":[{\"@type\":\"WebPage\",\"@id\":\"https:\/\/www.ramada-encore-geneve.ch\/de\/serviceleistungen\/harmony-fitness\/\",\"url\":\"https:\/\/www.ramada-encore-geneve.ch\/de\/serviceleistungen\/harmony-fitness\/\",\"name\":\"Fitnessstudio & Spa \u2013 Harmony Fitness | Hotel Ramada Encore by Wyndham Geneva\",\"isPartOf\":{\"@id\":\"https:\/\/www.ramada-encore-geneve.ch\/de\/#website\"},\"datePublished\":\"2022-06-21T14:58:36+00:00\",\"dateModified\":\"2022-10-21T12:32:34+00:00\",\"description\":\"Entdecken Sie das erstklassige Fitnessstudio Harmony Fitness und sein Wellness-Center in unmittelbarer N\u00e4he des 4-Sterne Hotels Ramada Encore by Wyndham in Genf.\",\"breadcrumb\":{\"@id\":\"https:\/\/www.ramada-encore-geneve.ch\/de\/serviceleistungen\/harmony-fitness\/#breadcrumb\"},\"inLanguage\":\"de-DE\",\"potentialAction\":[{\"@type\":\"ReadAction\",\"target\":[\"https:\/\/www.ramada-encore-geneve.ch\/de\/serviceleistungen\/harmony-fitness\/\"]}]},{\"@type\":\"BreadcrumbList\",\"@id\":\"https:\/\/www.ramada-encore-geneve.ch\/de\/serviceleistungen\/harmony-fitness\/#breadcrumb\",\"itemListElement\":[{\"@type\":\"ListItem\",\"position\":1,\"name\":\"Home\",\"item\":\"https:\/\/www.ramada-encore-geneve.ch\/de\/\"},{\"@type\":\"ListItem\",\"position\":2,\"name\":\"Serviceleistungen\",\"item\":\"https:\/\/www.ramada-encore-geneve.ch\/de\/serviceleistungen\/\"},{\"@type\":\"ListItem\",\"position\":3,\"name\":\"Harmony Fitness\"}]},{\"@type\":\"WebSite\",\"@id\":\"https:\/\/www.ramada-encore-geneve.ch\/de\/#website\",\"url\":\"https:\/\/www.ramada-encore-geneve.ch\/de\/\",\"name\":\"Ramada Encore Geneva\",\"description\":\"\",\"potentialAction\":[{\"@type\":\"SearchAction\",\"target\":{\"@type\":\"EntryPoint\",\"urlTemplate\":\"https:\/\/www.ramada-encore-geneve.ch\/de\/?s={search_term_string}\"},\"query-input\":{\"@type\":\"PropertyValueSpecification\",\"valueRequired\":true,\"valueName\":\"search_term_string\"}}],\"inLanguage\":\"de-DE\"}]}<\/script>\n<!-- \/ Yoast SEO plugin. -->","yoast_head_json":{"title":"Fitnessstudio & Spa \u2013 Harmony Fitness | Hotel Ramada Encore by Wyndham Geneva","description":"Entdecken Sie das erstklassige Fitnessstudio Harmony Fitness und sein Wellness-Center in unmittelbarer N\u00e4he des 4-Sterne Hotels Ramada Encore by Wyndham in Genf.","robots":{"index":"index","follow":"follow","max-snippet":"max-snippet:-1","max-image-preview":"max-image-preview:large","max-video-preview":"max-video-preview:-1"},"canonical":"https:\/\/www.ramada-encore-geneve.ch\/de\/serviceleistungen\/harmony-fitness\/","og_locale":"de_DE","og_type":"article","og_title":"Fitnessstudio & Spa \u2013 Harmony Fitness | Hotel Ramada Encore by Wyndham Geneva","og_description":"Entdecken Sie das erstklassige Fitnessstudio Harmony Fitness und sein Wellness-Center in unmittelbarer N\u00e4he des 4-Sterne Hotels Ramada Encore by Wyndham in Genf.","og_url":"https:\/\/www.ramada-encore-geneve.ch\/de\/serviceleistungen\/harmony-fitness\/","og_site_name":"Ramada Encore Geneva","article_modified_time":"2022-10-21T12:32:34+00:00","twitter_card":"summary_large_image","twitter_misc":{"Gesch\u00e4tzte Lesezeit":"1 Minute"},"schema":{"@context":"https:\/\/schema.org","@graph":[{"@type":"WebPage","@id":"https:\/\/www.ramada-encore-geneve.ch\/de\/serviceleistungen\/harmony-fitness\/","url":"https:\/\/www.ramada-encore-geneve.ch\/de\/serviceleistungen\/harmony-fitness\/","name":"Fitnessstudio & Spa \u2013 Harmony Fitness | Hotel Ramada Encore by Wyndham Geneva","isPartOf":{"@id":"https:\/\/www.ramada-encore-geneve.ch\/de\/#website"},"datePublished":"2022-06-21T14:58:36+00:00","dateModified":"2022-10-21T12:32:34+00:00","description":"Entdecken Sie das erstklassige Fitnessstudio Harmony Fitness und sein Wellness-Center in unmittelbarer N\u00e4he des 4-Sterne Hotels Ramada Encore by Wyndham in Genf.","breadcrumb":{"@id":"https:\/\/www.ramada-encore-geneve.ch\/de\/serviceleistungen\/harmony-fitness\/#breadcrumb"},"inLanguage":"de-DE","potentialAction":[{"@type":"ReadAction","target":["https:\/\/www.ramada-encore-geneve.ch\/de\/serviceleistungen\/harmony-fitness\/"]}]},{"@type":"BreadcrumbList","@id":"https:\/\/www.ramada-encore-geneve.ch\/de\/serviceleistungen\/harmony-fitness\/#breadcrumb","itemListElement":[{"@type":"ListItem","position":1,"name":"Home","item":"https:\/\/www.ramada-encore-geneve.ch\/de\/"},{"@type":"ListItem","position":2,"name":"Serviceleistungen","item":"https:\/\/www.ramada-encore-geneve.ch\/de\/serviceleistungen\/"},{"@type":"ListItem","position":3,"name":"Harmony Fitness"}]},{"@type":"WebSite","@id":"https:\/\/www.ramada-encore-geneve.ch\/de\/#website","url":"https:\/\/www.ramada-encore-geneve.ch\/de\/","name":"Ramada Encore Geneva","description":"","potentialAction":[{"@type":"SearchAction","target":{"@type":"EntryPoint","urlTemplate":"https:\/\/www.ramada-encore-geneve.ch\/de\/?s={search_term_string}"},"query-input":{"@type":"PropertyValueSpecification","valueRequired":true,"valueName":"search_term_string"}}],"inLanguage":"de-DE"}]}},"acf":[],"_links":{"self":[{"href":"https:\/\/www.ramada-encore-geneve.ch\/de\/wp-json\/wp\/v2\/pages\/601","targetHints":{"allow":["GET"]}}],"collection":[{"href":"https:\/\/www.ramada-encore-geneve.ch\/de\/wp-json\/wp\/v2\/pages"}],"about":[{"href":"https:\/\/www.ramada-encore-geneve.ch\/de\/wp-json\/wp\/v2\/types\/page"}],"author":[{"embeddable":true,"href":"https:\/\/www.ramada-encore-geneve.ch\/de\/wp-json\/wp\/v2\/users\/475"}],"replies":[{"embeddable":true,"href":"https:\/\/www.ramada-encore-geneve.ch\/de\/wp-json\/wp\/v2\/comments?post=601"}],"version-history":[{"count":0,"href":"https:\/\/www.ramada-encore-geneve.ch\/de\/wp-json\/wp\/v2\/pages\/601\/revisions"}],"up":[{"embeddable":true,"href":"https:\/\/www.ramada-encore-geneve.ch\/de\/wp-json\/wp\/v2\/pages\/599"}],"wp:attachment":[{"href":"https:\/\/www.ramada-encore-geneve.ch\/de\/wp-json\/wp\/v2\/media?parent=601"}],"curies":[{"name":"wp","href":"https:\/\/api.w.org\/{rel}","templated":true}]}}