{"id":603,"date":"2022-06-21T15:09:41","date_gmt":"2022-06-21T15:09:41","guid":{"rendered":"https:\/\/ramada.ms.decms.eu\/services\/blanchisserie-express\/"},"modified":"2022-10-21T12:53:15","modified_gmt":"2022-10-21T12:53:15","slug":"express-waescheservice","status":"publish","type":"page","link":"https:\/\/www.ramada-encore-geneve.ch\/de\/serviceleistungen\/express-waescheservice\/","title":{"rendered":"Express-W\u00e4scheservice"},"content":{"rendered":"<p style=\"text-align: center;\"><span style=\"font-weight: 400;\">Sie haben ein f\u00fcr den n\u00e4chsten Tag vorgesehenes Gesch\u00e4ftstreffen und Ihr Hemd weist Flecken auf? Wir haben die L\u00f6sung f\u00fcr Sie, um es schnell reinigen zu lassen. <\/span><\/p>\n<p style=\"text-align: center;\"><span style=\"font-weight: 400;\">Das Hotel Ramada Encore in Genf bietet Ihnen gegen Aufpreis einen von 9:00 bis 11:00 Uhr verf\u00fcgbaren Express-W\u00e4scheservice an. Auf diese Weise k\u00f6nnen Sie in aller Gelassenheit an Ihrem Treffen teilnehmen.<\/span><\/p>\n","protected":false},"excerpt":{"rendered":"<p>Sie haben ein f\u00fcr den n\u00e4chsten Tag vorgesehenes Gesch\u00e4ftstreffen und Ihr Hemd weist Flecken auf? Wir haben die L\u00f6sung f\u00fcr Sie, um es schnell reinigen zu lassen. Das Hotel Ramada Encore in Genf bietet Ihnen gegen Aufpreis einen von 9:00 bis 11:00 Uhr verf\u00fcgbaren Express-W\u00e4scheservice an. Auf diese Weise k\u00f6nnen Sie in aller Gelassenheit an [&hellip;]<\/p>\n","protected":false},"author":475,"featured_media":0,"parent":599,"menu_order":340,"comment_status":"closed","ping_status":"closed","template":"template-single-service-2.php","meta":{"footnotes":""},"class_list":["post-603","page","type-page","status-publish","hentry"],"yoast_head":"<!-- This site is optimized with the Yoast SEO plugin v26.9 - https:\/\/yoast.com\/product\/yoast-seo-wordpress\/ -->\n<title>Express-W\u00e4scheservice | Hotel Ramada Encore by Wyndham Geneva<\/title>\n<meta name=\"description\" content=\"Den Bed\u00fcrfnissen seiner Gesch\u00e4ftskunden gro\u00dfen Wert beimessend, bietet das Hotel Ramada Encore in Genf einen Express-W\u00e4scheservice an.\" \/>\n<meta name=\"robots\" content=\"index, follow, max-snippet:-1, max-image-preview:large, max-video-preview:-1\" \/>\n<link rel=\"canonical\" href=\"https:\/\/www.ramada-encore-geneve.ch\/de\/serviceleistungen\/express-waescheservice\/\" \/>\n<meta property=\"og:locale\" content=\"de_DE\" \/>\n<meta property=\"og:type\" content=\"article\" \/>\n<meta property=\"og:title\" content=\"Express-W\u00e4scheservice | Hotel Ramada Encore by Wyndham Geneva\" \/>\n<meta property=\"og:description\" content=\"Den Bed\u00fcrfnissen seiner Gesch\u00e4ftskunden gro\u00dfen Wert beimessend, bietet das Hotel Ramada Encore in Genf einen Express-W\u00e4scheservice an.\" \/>\n<meta property=\"og:url\" content=\"https:\/\/www.ramada-encore-geneve.ch\/de\/serviceleistungen\/express-waescheservice\/\" \/>\n<meta property=\"og:site_name\" content=\"Ramada Encore Geneva\" \/>\n<meta property=\"article:modified_time\" content=\"2022-10-21T12:53:15+00:00\" \/>\n<meta name=\"twitter:card\" content=\"summary_large_image\" \/>\n<meta name=\"twitter:label1\" content=\"Gesch\u00e4tzte Lesezeit\" \/>\n\t<meta name=\"twitter:data1\" content=\"1 Minute\" \/>\n<script type=\"application\/ld+json\" class=\"yoast-schema-graph\">{\"@context\":\"https:\/\/schema.org\",\"@graph\":[{\"@type\":\"WebPage\",\"@id\":\"https:\/\/www.ramada-encore-geneve.ch\/de\/serviceleistungen\/express-waescheservice\/\",\"url\":\"https:\/\/www.ramada-encore-geneve.ch\/de\/serviceleistungen\/express-waescheservice\/\",\"name\":\"Express-W\u00e4scheservice | Hotel Ramada Encore by Wyndham Geneva\",\"isPartOf\":{\"@id\":\"https:\/\/www.ramada-encore-geneve.ch\/de\/#website\"},\"datePublished\":\"2022-06-21T15:09:41+00:00\",\"dateModified\":\"2022-10-21T12:53:15+00:00\",\"description\":\"Den Bed\u00fcrfnissen seiner Gesch\u00e4ftskunden gro\u00dfen Wert beimessend, bietet das Hotel Ramada Encore in Genf einen Express-W\u00e4scheservice an.\",\"breadcrumb\":{\"@id\":\"https:\/\/www.ramada-encore-geneve.ch\/de\/serviceleistungen\/express-waescheservice\/#breadcrumb\"},\"inLanguage\":\"de-DE\",\"potentialAction\":[{\"@type\":\"ReadAction\",\"target\":[\"https:\/\/www.ramada-encore-geneve.ch\/de\/serviceleistungen\/express-waescheservice\/\"]}]},{\"@type\":\"BreadcrumbList\",\"@id\":\"https:\/\/www.ramada-encore-geneve.ch\/de\/serviceleistungen\/express-waescheservice\/#breadcrumb\",\"itemListElement\":[{\"@type\":\"ListItem\",\"position\":1,\"name\":\"Home\",\"item\":\"https:\/\/www.ramada-encore-geneve.ch\/de\/\"},{\"@type\":\"ListItem\",\"position\":2,\"name\":\"Serviceleistungen\",\"item\":\"https:\/\/www.ramada-encore-geneve.ch\/de\/serviceleistungen\/\"},{\"@type\":\"ListItem\",\"position\":3,\"name\":\"Express-W\u00e4scheservice\"}]},{\"@type\":\"WebSite\",\"@id\":\"https:\/\/www.ramada-encore-geneve.ch\/de\/#website\",\"url\":\"https:\/\/www.ramada-encore-geneve.ch\/de\/\",\"name\":\"Ramada Encore Geneva\",\"description\":\"\",\"potentialAction\":[{\"@type\":\"SearchAction\",\"target\":{\"@type\":\"EntryPoint\",\"urlTemplate\":\"https:\/\/www.ramada-encore-geneve.ch\/de\/?s={search_term_string}\"},\"query-input\":{\"@type\":\"PropertyValueSpecification\",\"valueRequired\":true,\"valueName\":\"search_term_string\"}}],\"inLanguage\":\"de-DE\"}]}<\/script>\n<!-- \/ Yoast SEO plugin. -->","yoast_head_json":{"title":"Express-W\u00e4scheservice | Hotel Ramada Encore by Wyndham Geneva","description":"Den Bed\u00fcrfnissen seiner Gesch\u00e4ftskunden gro\u00dfen Wert beimessend, bietet das Hotel Ramada Encore in Genf einen Express-W\u00e4scheservice an.","robots":{"index":"index","follow":"follow","max-snippet":"max-snippet:-1","max-image-preview":"max-image-preview:large","max-video-preview":"max-video-preview:-1"},"canonical":"https:\/\/www.ramada-encore-geneve.ch\/de\/serviceleistungen\/express-waescheservice\/","og_locale":"de_DE","og_type":"article","og_title":"Express-W\u00e4scheservice | Hotel Ramada Encore by Wyndham Geneva","og_description":"Den Bed\u00fcrfnissen seiner Gesch\u00e4ftskunden gro\u00dfen Wert beimessend, bietet das Hotel Ramada Encore in Genf einen Express-W\u00e4scheservice an.","og_url":"https:\/\/www.ramada-encore-geneve.ch\/de\/serviceleistungen\/express-waescheservice\/","og_site_name":"Ramada Encore Geneva","article_modified_time":"2022-10-21T12:53:15+00:00","twitter_card":"summary_large_image","twitter_misc":{"Gesch\u00e4tzte Lesezeit":"1 Minute"},"schema":{"@context":"https:\/\/schema.org","@graph":[{"@type":"WebPage","@id":"https:\/\/www.ramada-encore-geneve.ch\/de\/serviceleistungen\/express-waescheservice\/","url":"https:\/\/www.ramada-encore-geneve.ch\/de\/serviceleistungen\/express-waescheservice\/","name":"Express-W\u00e4scheservice | Hotel Ramada Encore by Wyndham Geneva","isPartOf":{"@id":"https:\/\/www.ramada-encore-geneve.ch\/de\/#website"},"datePublished":"2022-06-21T15:09:41+00:00","dateModified":"2022-10-21T12:53:15+00:00","description":"Den Bed\u00fcrfnissen seiner Gesch\u00e4ftskunden gro\u00dfen Wert beimessend, bietet das Hotel Ramada Encore in Genf einen Express-W\u00e4scheservice an.","breadcrumb":{"@id":"https:\/\/www.ramada-encore-geneve.ch\/de\/serviceleistungen\/express-waescheservice\/#breadcrumb"},"inLanguage":"de-DE","potentialAction":[{"@type":"ReadAction","target":["https:\/\/www.ramada-encore-geneve.ch\/de\/serviceleistungen\/express-waescheservice\/"]}]},{"@type":"BreadcrumbList","@id":"https:\/\/www.ramada-encore-geneve.ch\/de\/serviceleistungen\/express-waescheservice\/#breadcrumb","itemListElement":[{"@type":"ListItem","position":1,"name":"Home","item":"https:\/\/www.ramada-encore-geneve.ch\/de\/"},{"@type":"ListItem","position":2,"name":"Serviceleistungen","item":"https:\/\/www.ramada-encore-geneve.ch\/de\/serviceleistungen\/"},{"@type":"ListItem","position":3,"name":"Express-W\u00e4scheservice"}]},{"@type":"WebSite","@id":"https:\/\/www.ramada-encore-geneve.ch\/de\/#website","url":"https:\/\/www.ramada-encore-geneve.ch\/de\/","name":"Ramada Encore Geneva","description":"","potentialAction":[{"@type":"SearchAction","target":{"@type":"EntryPoint","urlTemplate":"https:\/\/www.ramada-encore-geneve.ch\/de\/?s={search_term_string}"},"query-input":{"@type":"PropertyValueSpecification","valueRequired":true,"valueName":"search_term_string"}}],"inLanguage":"de-DE"}]}},"acf":[],"_links":{"self":[{"href":"https:\/\/www.ramada-encore-geneve.ch\/de\/wp-json\/wp\/v2\/pages\/603","targetHints":{"allow":["GET"]}}],"collection":[{"href":"https:\/\/www.ramada-encore-geneve.ch\/de\/wp-json\/wp\/v2\/pages"}],"about":[{"href":"https:\/\/www.ramada-encore-geneve.ch\/de\/wp-json\/wp\/v2\/types\/page"}],"author":[{"embeddable":true,"href":"https:\/\/www.ramada-encore-geneve.ch\/de\/wp-json\/wp\/v2\/users\/475"}],"replies":[{"embeddable":true,"href":"https:\/\/www.ramada-encore-geneve.ch\/de\/wp-json\/wp\/v2\/comments?post=603"}],"version-history":[{"count":0,"href":"https:\/\/www.ramada-encore-geneve.ch\/de\/wp-json\/wp\/v2\/pages\/603\/revisions"}],"up":[{"embeddable":true,"href":"https:\/\/www.ramada-encore-geneve.ch\/de\/wp-json\/wp\/v2\/pages\/599"}],"wp:attachment":[{"href":"https:\/\/www.ramada-encore-geneve.ch\/de\/wp-json\/wp\/v2\/media?parent=603"}],"curies":[{"name":"wp","href":"https:\/\/api.w.org\/{rel}","templated":true}]}}