{"id":604,"date":"2022-06-21T16:40:40","date_gmt":"2022-06-21T16:40:40","guid":{"rendered":"https:\/\/ramada.ms.decms.eu\/meetings\/"},"modified":"2026-02-23T10:42:04","modified_gmt":"2026-02-23T10:42:04","slug":"ihre-konferenzen-und-veranstaltungen","status":"publish","type":"page","link":"https:\/\/www.ramada-encore-geneve.ch\/de\/ihre-konferenzen-und-veranstaltungen\/","title":{"rendered":"Ihre Konferenzen und Veranstaltungen"},"content":{"rendered":"<p><span style=\"font-weight: 400\">Das 3-Sterne-Superior-Hotel Ramada Encore by Wyndham Geneva stellt Ihnen einen au\u00dfergew\u00f6hnlichen Konferenzbereich zur Verf\u00fcgung, der vollst\u00e4ndig anpassbar ist und alle Ihre Anforderungen erf\u00fcllt. Noch nie war es so einfach, Ihre Fachtagungen, Konferenzen, Bankette oder Privatveranstaltungen auszurichten. <\/span><\/p>\n<p><span style=\"font-weight: 400\">Dieser Bereich umfasst 2 Arten von R\u00e4umen: Das Konferenzzentrum und das Event-Center. Das Konferenzzentrum mit seiner Gesamtfl\u00e4che von 500 m\u00b2, das in 8 modulierbare R\u00e4ume aufgeteilt werden kann, profitiert von Tageslicht und ist komplett ausgestattet (Audio, Video, Klimaanlage, WLAN und Kabelanschluss). Das Event-Center bietet, neben seinem Panoramablick auf das Spielfeld des <\/span><span style=\"font-weight: 400\">Stade de Gen\u00e8ve<\/span><span style=\"font-weight: 400\">, eine Gesamtfl\u00e4che von 1250 m\u00b2, die in zwei R\u00e4ume umgewandelt werden und alle Ihre Veranstaltungen 10 bis 10.000 Personen aufnehmen kann.<\/span><\/p>\n<p>&nbsp;<\/p>\n<h2 style=\"text-align: center\"><a href=\"https:\/\/www.ramada-encore-geneve.ch\/de\/ihre-konferenzen-und-veranstaltungen\/unsere-angebote\/\" target=\"_blank\" rel=\"noopener\">=&gt; Angebote entdecken<\/a><\/h2>\n","protected":false},"excerpt":{"rendered":"<p>Das 3-Sterne-Superior-Hotel Ramada Encore by Wyndham Geneva stellt Ihnen einen au\u00dfergew\u00f6hnlichen Konferenzbereich zur Verf\u00fcgung, der vollst\u00e4ndig anpassbar ist und alle Ihre Anforderungen erf\u00fcllt. Noch nie war es so einfach, Ihre Fachtagungen, Konferenzen, Bankette oder Privatveranstaltungen auszurichten. Dieser Bereich umfasst 2 Arten von R\u00e4umen: Das Konferenzzentrum und das Event-Center. Das Konferenzzentrum mit seiner Gesamtfl\u00e4che von 500 [&hellip;]<\/p>\n","protected":false},"author":475,"featured_media":0,"parent":0,"menu_order":40,"comment_status":"closed","ping_status":"closed","template":"fb-3d-meeting\/archive.php","meta":{"footnotes":""},"class_list":["post-604","page","type-page","status-publish","hentry"],"yoast_head":"<!-- This site is optimized with the Yoast SEO plugin v26.9 - https:\/\/yoast.com\/product\/yoast-seo-wordpress\/ -->\n<title>Konferenzen und Tagungen in Genf | Hotel Ramada Encore<\/title>\n<meta name=\"description\" content=\"Dank seines riesigen Konferenz- und Veranstaltungszentrums ist das 3-Sterne-Superior-Hotel Ramada Encore in Genf in der Lage, Ihre gro\u00df angelegten Tagungen und Konferenzen auszurichten.\" \/>\n<meta name=\"robots\" content=\"index, follow, max-snippet:-1, max-image-preview:large, max-video-preview:-1\" \/>\n<link rel=\"canonical\" href=\"https:\/\/www.ramada-encore-geneve.ch\/de\/ihre-konferenzen-und-veranstaltungen\/\" \/>\n<meta property=\"og:locale\" content=\"de_DE\" \/>\n<meta property=\"og:type\" content=\"article\" \/>\n<meta property=\"og:title\" content=\"Konferenzen und Tagungen in Genf | Hotel Ramada Encore\" \/>\n<meta property=\"og:description\" content=\"Dank seines riesigen Konferenz- und Veranstaltungszentrums ist das 3-Sterne-Superior-Hotel Ramada Encore in Genf in der Lage, Ihre gro\u00df angelegten Tagungen und Konferenzen auszurichten.\" \/>\n<meta property=\"og:url\" content=\"https:\/\/www.ramada-encore-geneve.ch\/de\/ihre-konferenzen-und-veranstaltungen\/\" \/>\n<meta property=\"og:site_name\" content=\"Ramada Encore Geneva\" \/>\n<meta property=\"article:modified_time\" content=\"2026-02-23T10:42:04+00:00\" \/>\n<meta name=\"twitter:card\" content=\"summary_large_image\" \/>\n<meta name=\"twitter:label1\" content=\"Gesch\u00e4tzte Lesezeit\" \/>\n\t<meta name=\"twitter:data1\" content=\"1 Minute\" \/>\n<script type=\"application\/ld+json\" class=\"yoast-schema-graph\">{\"@context\":\"https:\/\/schema.org\",\"@graph\":[{\"@type\":\"WebPage\",\"@id\":\"https:\/\/www.ramada-encore-geneve.ch\/de\/ihre-konferenzen-und-veranstaltungen\/\",\"url\":\"https:\/\/www.ramada-encore-geneve.ch\/de\/ihre-konferenzen-und-veranstaltungen\/\",\"name\":\"Konferenzen und Tagungen in Genf | Hotel Ramada Encore\",\"isPartOf\":{\"@id\":\"https:\/\/www.ramada-encore-geneve.ch\/de\/#website\"},\"datePublished\":\"2022-06-21T16:40:40+00:00\",\"dateModified\":\"2026-02-23T10:42:04+00:00\",\"description\":\"Dank seines riesigen Konferenz- und Veranstaltungszentrums ist das 3-Sterne-Superior-Hotel Ramada Encore in Genf in der Lage, Ihre gro\u00df angelegten Tagungen und Konferenzen auszurichten.\",\"breadcrumb\":{\"@id\":\"https:\/\/www.ramada-encore-geneve.ch\/de\/ihre-konferenzen-und-veranstaltungen\/#breadcrumb\"},\"inLanguage\":\"de-DE\",\"potentialAction\":[{\"@type\":\"ReadAction\",\"target\":[\"https:\/\/www.ramada-encore-geneve.ch\/de\/ihre-konferenzen-und-veranstaltungen\/\"]}]},{\"@type\":\"BreadcrumbList\",\"@id\":\"https:\/\/www.ramada-encore-geneve.ch\/de\/ihre-konferenzen-und-veranstaltungen\/#breadcrumb\",\"itemListElement\":[{\"@type\":\"ListItem\",\"position\":1,\"name\":\"Home\",\"item\":\"https:\/\/www.ramada-encore-geneve.ch\/de\/\"},{\"@type\":\"ListItem\",\"position\":2,\"name\":\"Ihre Konferenzen und Veranstaltungen\"}]},{\"@type\":\"WebSite\",\"@id\":\"https:\/\/www.ramada-encore-geneve.ch\/de\/#website\",\"url\":\"https:\/\/www.ramada-encore-geneve.ch\/de\/\",\"name\":\"Ramada Encore Geneva\",\"description\":\"\",\"potentialAction\":[{\"@type\":\"SearchAction\",\"target\":{\"@type\":\"EntryPoint\",\"urlTemplate\":\"https:\/\/www.ramada-encore-geneve.ch\/de\/?s={search_term_string}\"},\"query-input\":{\"@type\":\"PropertyValueSpecification\",\"valueRequired\":true,\"valueName\":\"search_term_string\"}}],\"inLanguage\":\"de-DE\"}]}<\/script>\n<!-- \/ Yoast SEO plugin. -->","yoast_head_json":{"title":"Konferenzen und Tagungen in Genf | Hotel Ramada Encore","description":"Dank seines riesigen Konferenz- und Veranstaltungszentrums ist das 3-Sterne-Superior-Hotel Ramada Encore in Genf in der Lage, Ihre gro\u00df angelegten Tagungen und Konferenzen auszurichten.","robots":{"index":"index","follow":"follow","max-snippet":"max-snippet:-1","max-image-preview":"max-image-preview:large","max-video-preview":"max-video-preview:-1"},"canonical":"https:\/\/www.ramada-encore-geneve.ch\/de\/ihre-konferenzen-und-veranstaltungen\/","og_locale":"de_DE","og_type":"article","og_title":"Konferenzen und Tagungen in Genf | Hotel Ramada Encore","og_description":"Dank seines riesigen Konferenz- und Veranstaltungszentrums ist das 3-Sterne-Superior-Hotel Ramada Encore in Genf in der Lage, Ihre gro\u00df angelegten Tagungen und Konferenzen auszurichten.","og_url":"https:\/\/www.ramada-encore-geneve.ch\/de\/ihre-konferenzen-und-veranstaltungen\/","og_site_name":"Ramada Encore Geneva","article_modified_time":"2026-02-23T10:42:04+00:00","twitter_card":"summary_large_image","twitter_misc":{"Gesch\u00e4tzte Lesezeit":"1 Minute"},"schema":{"@context":"https:\/\/schema.org","@graph":[{"@type":"WebPage","@id":"https:\/\/www.ramada-encore-geneve.ch\/de\/ihre-konferenzen-und-veranstaltungen\/","url":"https:\/\/www.ramada-encore-geneve.ch\/de\/ihre-konferenzen-und-veranstaltungen\/","name":"Konferenzen und Tagungen in Genf | Hotel Ramada Encore","isPartOf":{"@id":"https:\/\/www.ramada-encore-geneve.ch\/de\/#website"},"datePublished":"2022-06-21T16:40:40+00:00","dateModified":"2026-02-23T10:42:04+00:00","description":"Dank seines riesigen Konferenz- und Veranstaltungszentrums ist das 3-Sterne-Superior-Hotel Ramada Encore in Genf in der Lage, Ihre gro\u00df angelegten Tagungen und Konferenzen auszurichten.","breadcrumb":{"@id":"https:\/\/www.ramada-encore-geneve.ch\/de\/ihre-konferenzen-und-veranstaltungen\/#breadcrumb"},"inLanguage":"de-DE","potentialAction":[{"@type":"ReadAction","target":["https:\/\/www.ramada-encore-geneve.ch\/de\/ihre-konferenzen-und-veranstaltungen\/"]}]},{"@type":"BreadcrumbList","@id":"https:\/\/www.ramada-encore-geneve.ch\/de\/ihre-konferenzen-und-veranstaltungen\/#breadcrumb","itemListElement":[{"@type":"ListItem","position":1,"name":"Home","item":"https:\/\/www.ramada-encore-geneve.ch\/de\/"},{"@type":"ListItem","position":2,"name":"Ihre Konferenzen und Veranstaltungen"}]},{"@type":"WebSite","@id":"https:\/\/www.ramada-encore-geneve.ch\/de\/#website","url":"https:\/\/www.ramada-encore-geneve.ch\/de\/","name":"Ramada Encore Geneva","description":"","potentialAction":[{"@type":"SearchAction","target":{"@type":"EntryPoint","urlTemplate":"https:\/\/www.ramada-encore-geneve.ch\/de\/?s={search_term_string}"},"query-input":{"@type":"PropertyValueSpecification","valueRequired":true,"valueName":"search_term_string"}}],"inLanguage":"de-DE"}]}},"acf":[],"_links":{"self":[{"href":"https:\/\/www.ramada-encore-geneve.ch\/de\/wp-json\/wp\/v2\/pages\/604","targetHints":{"allow":["GET"]}}],"collection":[{"href":"https:\/\/www.ramada-encore-geneve.ch\/de\/wp-json\/wp\/v2\/pages"}],"about":[{"href":"https:\/\/www.ramada-encore-geneve.ch\/de\/wp-json\/wp\/v2\/types\/page"}],"author":[{"embeddable":true,"href":"https:\/\/www.ramada-encore-geneve.ch\/de\/wp-json\/wp\/v2\/users\/475"}],"replies":[{"embeddable":true,"href":"https:\/\/www.ramada-encore-geneve.ch\/de\/wp-json\/wp\/v2\/comments?post=604"}],"version-history":[{"count":0,"href":"https:\/\/www.ramada-encore-geneve.ch\/de\/wp-json\/wp\/v2\/pages\/604\/revisions"}],"wp:attachment":[{"href":"https:\/\/www.ramada-encore-geneve.ch\/de\/wp-json\/wp\/v2\/media?parent=604"}],"curies":[{"name":"wp","href":"https:\/\/api.w.org\/{rel}","templated":true}]}}