{"id":605,"date":"2022-06-22T09:07:43","date_gmt":"2022-06-22T09:07:43","guid":{"rendered":"https:\/\/ramada.ms.decms.eu\/restaurant-bar-the-hub\/"},"modified":"2026-03-23T09:46:05","modified_gmt":"2026-03-23T09:46:05","slug":"la-table-grenat","status":"publish","type":"page","link":"https:\/\/www.ramada-encore-geneve.ch\/de\/la-table-grenat\/","title":{"rendered":"La Table Grenat"},"content":{"rendered":"<p style=\"text-align: center\">Jede Saison stellt unsere K\u00fcchenchefin A\u00efcha Chaoui f\u00fcr Sie eine Speisekarte voller Frische und Aromen zusammen.<\/p>\n<p style=\"text-align: center\">Diese neue Adresse wurde als nat\u00fcrliche Erweiterung des Grenat-Universums konzipiert und ist eine Hommage an die sportliche DNA der Groupe Grenat, zu der der Servette FC, der Gen\u00e8ve-Servette HC, der Servette Rugby Club und der Servette FC Ch\u00eanois f\u00e9minin geh\u00f6ren. Hier trifft die Leidenschaft f\u00fcr den Sport auf die Gro\u00dfz\u00fcgigkeit eines Bistros, in einem gem\u00fctlichen, modernen und f\u00fcr alle zug\u00e4nglichen Raum.<\/p>\n<p>&nbsp;<\/p>\n<p class=\"p1\">\ud83c\udfaf Business Lunch (5 Tage die Woche)<\/p>\n<p class=\"p1\">\ud83c\udf79 Afterwork &amp; lebhafte \u201eGame Nights\u201c<\/p>\n<p class=\"p1\">\ud83d\udcfa Spiel\u00fcbertragungen, spezielle Aktivierungen an Spieltagen<\/p>\n<p class=\"p1\">\ud83c\udf74 Sport- und Gourmetkarte, gedacht f\u00fcr jede Tageszeit (mittags &amp; abends)<\/p>\n<p>&nbsp;<\/p>\n<p class=\"p1\" style=\"text-align: center\">La Table Grenat ist auch ein verbindender Ort, gedacht f\u00fcr die Hotelg\u00e4ste, die Mitarbeiter des Einkaufszentrums, die Sponsoren &amp;amp; Partner, die Mitglieder der Grenat-Clubs, aber auch f\u00fcr all jene, die einfach nur einen Moment mit Freunden, Kollegen oder der Familie genie\u00dfen m\u00f6chten.<\/p>\n","protected":false},"excerpt":{"rendered":"<p>Jede Saison stellt unsere K\u00fcchenchefin A\u00efcha Chaoui f\u00fcr Sie eine Speisekarte voller Frische und Aromen zusammen. Diese neue Adresse wurde als nat\u00fcrliche Erweiterung des Grenat-Universums konzipiert und ist eine Hommage an die sportliche DNA der Groupe Grenat, zu der der Servette FC, der Gen\u00e8ve-Servette HC, der Servette Rugby Club und der Servette FC Ch\u00eanois f\u00e9minin [&hellip;]<\/p>\n","protected":false},"author":475,"featured_media":931,"parent":0,"menu_order":50,"comment_status":"closed","ping_status":"closed","template":"template-single-restaurant.php","meta":{"footnotes":""},"class_list":["post-605","page","type-page","status-publish","has-post-thumbnail","hentry"],"yoast_head":"<!-- This site is optimized with the Yoast SEO plugin v26.9 - https:\/\/yoast.com\/product\/yoast-seo-wordpress\/ -->\n<title>La Table Grenat | Hotel Ramada Encore by Wyndham Geneva<\/title>\n<meta name=\"description\" content=\"Eine Erweiterung des Grenat-Universums, wo die Leidenschaft f\u00fcr den Sport auf die Gro\u00dfz\u00fcgigkeit eines Bistros in einem gem\u00fctlichen Raum trifft.\" \/>\n<meta name=\"robots\" content=\"index, follow, max-snippet:-1, max-image-preview:large, max-video-preview:-1\" \/>\n<link rel=\"canonical\" href=\"https:\/\/www.ramada-encore-geneve.ch\/de\/la-table-grenat\/\" \/>\n<meta property=\"og:locale\" content=\"de_DE\" \/>\n<meta property=\"og:type\" content=\"article\" \/>\n<meta property=\"og:title\" content=\"La Table Grenat | Hotel Ramada Encore by Wyndham Geneva\" \/>\n<meta property=\"og:description\" content=\"Eine Erweiterung des Grenat-Universums, wo die Leidenschaft f\u00fcr den Sport auf die Gro\u00dfz\u00fcgigkeit eines Bistros in einem gem\u00fctlichen Raum trifft.\" \/>\n<meta property=\"og:url\" content=\"https:\/\/www.ramada-encore-geneve.ch\/de\/la-table-grenat\/\" \/>\n<meta property=\"og:site_name\" content=\"Ramada Encore Geneva\" \/>\n<meta property=\"article:modified_time\" content=\"2026-03-23T09:46:05+00:00\" \/>\n<meta property=\"og:image\" content=\"https:\/\/www.ramada-encore-geneve.ch\/wp-content\/uploads\/sites\/412\/2025\/05\/Salle-La-Table-Grenat-1024x683.png\" \/>\n\t<meta property=\"og:image:width\" content=\"1024\" \/>\n\t<meta property=\"og:image:height\" content=\"683\" \/>\n\t<meta property=\"og:image:type\" content=\"image\/png\" \/>\n<meta name=\"twitter:card\" content=\"summary_large_image\" \/>\n<meta name=\"twitter:label1\" content=\"Gesch\u00e4tzte Lesezeit\" \/>\n\t<meta name=\"twitter:data1\" content=\"1 Minute\" \/>\n<script type=\"application\/ld+json\" class=\"yoast-schema-graph\">{\"@context\":\"https:\/\/schema.org\",\"@graph\":[{\"@type\":\"WebPage\",\"@id\":\"https:\/\/www.ramada-encore-geneve.ch\/de\/la-table-grenat\/\",\"url\":\"https:\/\/www.ramada-encore-geneve.ch\/de\/la-table-grenat\/\",\"name\":\"La Table Grenat | Hotel Ramada Encore by Wyndham Geneva\",\"isPartOf\":{\"@id\":\"https:\/\/www.ramada-encore-geneve.ch\/de\/#website\"},\"primaryImageOfPage\":{\"@id\":\"https:\/\/www.ramada-encore-geneve.ch\/de\/la-table-grenat\/#primaryimage\"},\"image\":{\"@id\":\"https:\/\/www.ramada-encore-geneve.ch\/de\/la-table-grenat\/#primaryimage\"},\"thumbnailUrl\":\"https:\/\/www.ramada-encore-geneve.ch\/wp-content\/uploads\/sites\/412\/2025\/05\/Salle-La-Table-Grenat.png\",\"datePublished\":\"2022-06-22T09:07:43+00:00\",\"dateModified\":\"2026-03-23T09:46:05+00:00\",\"description\":\"Eine Erweiterung des Grenat-Universums, wo die Leidenschaft f\u00fcr den Sport auf die Gro\u00dfz\u00fcgigkeit eines Bistros in einem gem\u00fctlichen Raum trifft.\",\"breadcrumb\":{\"@id\":\"https:\/\/www.ramada-encore-geneve.ch\/de\/la-table-grenat\/#breadcrumb\"},\"inLanguage\":\"de-DE\",\"potentialAction\":[{\"@type\":\"ReadAction\",\"target\":[\"https:\/\/www.ramada-encore-geneve.ch\/de\/la-table-grenat\/\"]}]},{\"@type\":\"ImageObject\",\"inLanguage\":\"de-DE\",\"@id\":\"https:\/\/www.ramada-encore-geneve.ch\/de\/la-table-grenat\/#primaryimage\",\"url\":\"https:\/\/www.ramada-encore-geneve.ch\/wp-content\/uploads\/sites\/412\/2025\/05\/Salle-La-Table-Grenat.png\",\"contentUrl\":\"https:\/\/www.ramada-encore-geneve.ch\/wp-content\/uploads\/sites\/412\/2025\/05\/Salle-La-Table-Grenat.png\",\"width\":1800,\"height\":1200},{\"@type\":\"BreadcrumbList\",\"@id\":\"https:\/\/www.ramada-encore-geneve.ch\/de\/la-table-grenat\/#breadcrumb\",\"itemListElement\":[{\"@type\":\"ListItem\",\"position\":1,\"name\":\"Home\",\"item\":\"https:\/\/www.ramada-encore-geneve.ch\/de\/\"},{\"@type\":\"ListItem\",\"position\":2,\"name\":\"La Table Grenat\"}]},{\"@type\":\"WebSite\",\"@id\":\"https:\/\/www.ramada-encore-geneve.ch\/de\/#website\",\"url\":\"https:\/\/www.ramada-encore-geneve.ch\/de\/\",\"name\":\"Ramada Encore Geneva\",\"description\":\"\",\"potentialAction\":[{\"@type\":\"SearchAction\",\"target\":{\"@type\":\"EntryPoint\",\"urlTemplate\":\"https:\/\/www.ramada-encore-geneve.ch\/de\/?s={search_term_string}\"},\"query-input\":{\"@type\":\"PropertyValueSpecification\",\"valueRequired\":true,\"valueName\":\"search_term_string\"}}],\"inLanguage\":\"de-DE\"}]}<\/script>\n<!-- \/ Yoast SEO plugin. -->","yoast_head_json":{"title":"La Table Grenat | Hotel Ramada Encore by Wyndham Geneva","description":"Eine Erweiterung des Grenat-Universums, wo die Leidenschaft f\u00fcr den Sport auf die Gro\u00dfz\u00fcgigkeit eines Bistros in einem gem\u00fctlichen Raum trifft.","robots":{"index":"index","follow":"follow","max-snippet":"max-snippet:-1","max-image-preview":"max-image-preview:large","max-video-preview":"max-video-preview:-1"},"canonical":"https:\/\/www.ramada-encore-geneve.ch\/de\/la-table-grenat\/","og_locale":"de_DE","og_type":"article","og_title":"La Table Grenat | Hotel Ramada Encore by Wyndham Geneva","og_description":"Eine Erweiterung des Grenat-Universums, wo die Leidenschaft f\u00fcr den Sport auf die Gro\u00dfz\u00fcgigkeit eines Bistros in einem gem\u00fctlichen Raum trifft.","og_url":"https:\/\/www.ramada-encore-geneve.ch\/de\/la-table-grenat\/","og_site_name":"Ramada Encore Geneva","article_modified_time":"2026-03-23T09:46:05+00:00","og_image":[{"width":1024,"height":683,"url":"https:\/\/www.ramada-encore-geneve.ch\/wp-content\/uploads\/sites\/412\/2025\/05\/Salle-La-Table-Grenat-1024x683.png","type":"image\/png"}],"twitter_card":"summary_large_image","twitter_misc":{"Gesch\u00e4tzte Lesezeit":"1 Minute"},"schema":{"@context":"https:\/\/schema.org","@graph":[{"@type":"WebPage","@id":"https:\/\/www.ramada-encore-geneve.ch\/de\/la-table-grenat\/","url":"https:\/\/www.ramada-encore-geneve.ch\/de\/la-table-grenat\/","name":"La Table Grenat | Hotel Ramada Encore by Wyndham Geneva","isPartOf":{"@id":"https:\/\/www.ramada-encore-geneve.ch\/de\/#website"},"primaryImageOfPage":{"@id":"https:\/\/www.ramada-encore-geneve.ch\/de\/la-table-grenat\/#primaryimage"},"image":{"@id":"https:\/\/www.ramada-encore-geneve.ch\/de\/la-table-grenat\/#primaryimage"},"thumbnailUrl":"https:\/\/www.ramada-encore-geneve.ch\/wp-content\/uploads\/sites\/412\/2025\/05\/Salle-La-Table-Grenat.png","datePublished":"2022-06-22T09:07:43+00:00","dateModified":"2026-03-23T09:46:05+00:00","description":"Eine Erweiterung des Grenat-Universums, wo die Leidenschaft f\u00fcr den Sport auf die Gro\u00dfz\u00fcgigkeit eines Bistros in einem gem\u00fctlichen Raum trifft.","breadcrumb":{"@id":"https:\/\/www.ramada-encore-geneve.ch\/de\/la-table-grenat\/#breadcrumb"},"inLanguage":"de-DE","potentialAction":[{"@type":"ReadAction","target":["https:\/\/www.ramada-encore-geneve.ch\/de\/la-table-grenat\/"]}]},{"@type":"ImageObject","inLanguage":"de-DE","@id":"https:\/\/www.ramada-encore-geneve.ch\/de\/la-table-grenat\/#primaryimage","url":"https:\/\/www.ramada-encore-geneve.ch\/wp-content\/uploads\/sites\/412\/2025\/05\/Salle-La-Table-Grenat.png","contentUrl":"https:\/\/www.ramada-encore-geneve.ch\/wp-content\/uploads\/sites\/412\/2025\/05\/Salle-La-Table-Grenat.png","width":1800,"height":1200},{"@type":"BreadcrumbList","@id":"https:\/\/www.ramada-encore-geneve.ch\/de\/la-table-grenat\/#breadcrumb","itemListElement":[{"@type":"ListItem","position":1,"name":"Home","item":"https:\/\/www.ramada-encore-geneve.ch\/de\/"},{"@type":"ListItem","position":2,"name":"La Table Grenat"}]},{"@type":"WebSite","@id":"https:\/\/www.ramada-encore-geneve.ch\/de\/#website","url":"https:\/\/www.ramada-encore-geneve.ch\/de\/","name":"Ramada Encore Geneva","description":"","potentialAction":[{"@type":"SearchAction","target":{"@type":"EntryPoint","urlTemplate":"https:\/\/www.ramada-encore-geneve.ch\/de\/?s={search_term_string}"},"query-input":{"@type":"PropertyValueSpecification","valueRequired":true,"valueName":"search_term_string"}}],"inLanguage":"de-DE"}]}},"acf":[],"_links":{"self":[{"href":"https:\/\/www.ramada-encore-geneve.ch\/de\/wp-json\/wp\/v2\/pages\/605","targetHints":{"allow":["GET"]}}],"collection":[{"href":"https:\/\/www.ramada-encore-geneve.ch\/de\/wp-json\/wp\/v2\/pages"}],"about":[{"href":"https:\/\/www.ramada-encore-geneve.ch\/de\/wp-json\/wp\/v2\/types\/page"}],"author":[{"embeddable":true,"href":"https:\/\/www.ramada-encore-geneve.ch\/de\/wp-json\/wp\/v2\/users\/475"}],"replies":[{"embeddable":true,"href":"https:\/\/www.ramada-encore-geneve.ch\/de\/wp-json\/wp\/v2\/comments?post=605"}],"version-history":[{"count":0,"href":"https:\/\/www.ramada-encore-geneve.ch\/de\/wp-json\/wp\/v2\/pages\/605\/revisions"}],"wp:featuredmedia":[{"embeddable":true,"href":"https:\/\/www.ramada-encore-geneve.ch\/de\/wp-json\/wp\/v2\/media\/931"}],"wp:attachment":[{"href":"https:\/\/www.ramada-encore-geneve.ch\/de\/wp-json\/wp\/v2\/media?parent=605"}],"curies":[{"name":"wp","href":"https:\/\/api.w.org\/{rel}","templated":true}]}}