{"id":606,"date":"2022-06-21T17:53:58","date_gmt":"2022-06-21T17:53:58","guid":{"rendered":"https:\/\/ramada.ms.decms.eu\/ou-nous-trouver\/"},"modified":"2022-10-24T11:29:18","modified_gmt":"2022-10-24T11:29:18","slug":"wo-sie-uns-finden","status":"publish","type":"page","link":"https:\/\/www.ramada-encore-geneve.ch\/de\/wo-sie-uns-finden\/","title":{"rendered":"Wo Sie uns finden"},"content":{"rendered":"<p style=\"text-align: center;\"><span style=\"font-weight: 400;\">Das Hotel Ramada Encore by Wyndham Geneva befindet sich zwischen dem Einkaufszentrum La Praille und dem Genfer Fu\u00dfballstadion und ist nur 15 Minuten mit dem Auto oder den \u00f6ffentlichen Verkehrsmitteln vom Flughafen, Bahnhof und Stadtzentrum entfernt.<\/span><\/p>\n<p style=\"text-align: center;\"><span style=\"font-weight: 400;\">Nehmen Sie mit dem Auto von Lausanne oder Frankreich aus kommend die Autobahn A1 \u00fcber den Flughafen, dann die Ausfahrt \u201eGenf \u2013 La Praille\u201c und parken Sie Ihr Fahrzeug in unserer gesicherten und privaten Tiefgarage (Parkplatz La Praille). Der Flughafen Genf befindet sich 15 km und der Bahnhof Gen\u00e8ve-Cornavin 4,5 km entfernt. Anschlie\u00dfend k\u00f6nnen Sie das Hotel per Stra\u00dfenbahn (Linie 15), Bus (Linien 23 \/ D \/ 4 \/ 21) oder Taxi erreichen.<\/span><\/p>\n","protected":false},"excerpt":{"rendered":"<p>Das Hotel Ramada Encore by Wyndham Geneva befindet sich zwischen dem Einkaufszentrum La Praille und dem Genfer Fu\u00dfballstadion und ist nur 15 Minuten mit dem Auto oder den \u00f6ffentlichen Verkehrsmitteln vom Flughafen, Bahnhof und Stadtzentrum entfernt. Nehmen Sie mit dem Auto von Lausanne oder Frankreich aus kommend die Autobahn A1 \u00fcber den Flughafen, dann die [&hellip;]<\/p>\n","protected":false},"author":475,"featured_media":0,"parent":0,"menu_order":60,"comment_status":"closed","ping_status":"closed","template":"template-location.php","meta":{"footnotes":""},"class_list":["post-606","page","type-page","status-publish","hentry"],"yoast_head":"<!-- This site is optimized with the Yoast SEO plugin v26.9 - https:\/\/yoast.com\/product\/yoast-seo-wordpress\/ -->\n<title>Anreise und Lage | Hotel Ramada Encore by Wyndham Geneva<\/title>\n<meta name=\"description\" content=\"Unser Hotel liegt zwischen dem Einkaufszentrum La Praille und dem Genfer Fu\u00dfballstadion und ist nur 15 Minuten vom Flughafen, Bahnhof und Stadtzentrum entfernt.\" \/>\n<meta name=\"robots\" content=\"index, follow, max-snippet:-1, max-image-preview:large, max-video-preview:-1\" \/>\n<link rel=\"canonical\" href=\"https:\/\/www.ramada-encore-geneve.ch\/de\/wo-sie-uns-finden\/\" \/>\n<meta property=\"og:locale\" content=\"de_DE\" \/>\n<meta property=\"og:type\" content=\"article\" \/>\n<meta property=\"og:title\" content=\"Anreise und Lage | Hotel Ramada Encore by Wyndham Geneva\" \/>\n<meta property=\"og:description\" content=\"Unser Hotel liegt zwischen dem Einkaufszentrum La Praille und dem Genfer Fu\u00dfballstadion und ist nur 15 Minuten vom Flughafen, Bahnhof und Stadtzentrum entfernt.\" \/>\n<meta property=\"og:url\" content=\"https:\/\/www.ramada-encore-geneve.ch\/de\/wo-sie-uns-finden\/\" \/>\n<meta property=\"og:site_name\" content=\"Ramada Encore Geneva\" \/>\n<meta property=\"article:modified_time\" content=\"2022-10-24T11:29:18+00:00\" \/>\n<meta name=\"twitter:card\" content=\"summary_large_image\" \/>\n<meta name=\"twitter:label1\" content=\"Gesch\u00e4tzte Lesezeit\" \/>\n\t<meta name=\"twitter:data1\" content=\"1 Minute\" \/>\n<script type=\"application\/ld+json\" class=\"yoast-schema-graph\">{\"@context\":\"https:\/\/schema.org\",\"@graph\":[{\"@type\":\"WebPage\",\"@id\":\"https:\/\/www.ramada-encore-geneve.ch\/de\/wo-sie-uns-finden\/\",\"url\":\"https:\/\/www.ramada-encore-geneve.ch\/de\/wo-sie-uns-finden\/\",\"name\":\"Anreise und Lage | Hotel Ramada Encore by Wyndham Geneva\",\"isPartOf\":{\"@id\":\"https:\/\/www.ramada-encore-geneve.ch\/de\/#website\"},\"datePublished\":\"2022-06-21T17:53:58+00:00\",\"dateModified\":\"2022-10-24T11:29:18+00:00\",\"description\":\"Unser Hotel liegt zwischen dem Einkaufszentrum La Praille und dem Genfer Fu\u00dfballstadion und ist nur 15 Minuten vom Flughafen, Bahnhof und Stadtzentrum entfernt.\",\"breadcrumb\":{\"@id\":\"https:\/\/www.ramada-encore-geneve.ch\/de\/wo-sie-uns-finden\/#breadcrumb\"},\"inLanguage\":\"de-DE\",\"potentialAction\":[{\"@type\":\"ReadAction\",\"target\":[\"https:\/\/www.ramada-encore-geneve.ch\/de\/wo-sie-uns-finden\/\"]}]},{\"@type\":\"BreadcrumbList\",\"@id\":\"https:\/\/www.ramada-encore-geneve.ch\/de\/wo-sie-uns-finden\/#breadcrumb\",\"itemListElement\":[{\"@type\":\"ListItem\",\"position\":1,\"name\":\"Home\",\"item\":\"https:\/\/www.ramada-encore-geneve.ch\/de\/\"},{\"@type\":\"ListItem\",\"position\":2,\"name\":\"Wo Sie uns finden\"}]},{\"@type\":\"WebSite\",\"@id\":\"https:\/\/www.ramada-encore-geneve.ch\/de\/#website\",\"url\":\"https:\/\/www.ramada-encore-geneve.ch\/de\/\",\"name\":\"Ramada Encore Geneva\",\"description\":\"\",\"potentialAction\":[{\"@type\":\"SearchAction\",\"target\":{\"@type\":\"EntryPoint\",\"urlTemplate\":\"https:\/\/www.ramada-encore-geneve.ch\/de\/?s={search_term_string}\"},\"query-input\":{\"@type\":\"PropertyValueSpecification\",\"valueRequired\":true,\"valueName\":\"search_term_string\"}}],\"inLanguage\":\"de-DE\"}]}<\/script>\n<!-- \/ Yoast SEO plugin. -->","yoast_head_json":{"title":"Anreise und Lage | Hotel Ramada Encore by Wyndham Geneva","description":"Unser Hotel liegt zwischen dem Einkaufszentrum La Praille und dem Genfer Fu\u00dfballstadion und ist nur 15 Minuten vom Flughafen, Bahnhof und Stadtzentrum entfernt.","robots":{"index":"index","follow":"follow","max-snippet":"max-snippet:-1","max-image-preview":"max-image-preview:large","max-video-preview":"max-video-preview:-1"},"canonical":"https:\/\/www.ramada-encore-geneve.ch\/de\/wo-sie-uns-finden\/","og_locale":"de_DE","og_type":"article","og_title":"Anreise und Lage | Hotel Ramada Encore by Wyndham Geneva","og_description":"Unser Hotel liegt zwischen dem Einkaufszentrum La Praille und dem Genfer Fu\u00dfballstadion und ist nur 15 Minuten vom Flughafen, Bahnhof und Stadtzentrum entfernt.","og_url":"https:\/\/www.ramada-encore-geneve.ch\/de\/wo-sie-uns-finden\/","og_site_name":"Ramada Encore Geneva","article_modified_time":"2022-10-24T11:29:18+00:00","twitter_card":"summary_large_image","twitter_misc":{"Gesch\u00e4tzte Lesezeit":"1 Minute"},"schema":{"@context":"https:\/\/schema.org","@graph":[{"@type":"WebPage","@id":"https:\/\/www.ramada-encore-geneve.ch\/de\/wo-sie-uns-finden\/","url":"https:\/\/www.ramada-encore-geneve.ch\/de\/wo-sie-uns-finden\/","name":"Anreise und Lage | Hotel Ramada Encore by Wyndham Geneva","isPartOf":{"@id":"https:\/\/www.ramada-encore-geneve.ch\/de\/#website"},"datePublished":"2022-06-21T17:53:58+00:00","dateModified":"2022-10-24T11:29:18+00:00","description":"Unser Hotel liegt zwischen dem Einkaufszentrum La Praille und dem Genfer Fu\u00dfballstadion und ist nur 15 Minuten vom Flughafen, Bahnhof und Stadtzentrum entfernt.","breadcrumb":{"@id":"https:\/\/www.ramada-encore-geneve.ch\/de\/wo-sie-uns-finden\/#breadcrumb"},"inLanguage":"de-DE","potentialAction":[{"@type":"ReadAction","target":["https:\/\/www.ramada-encore-geneve.ch\/de\/wo-sie-uns-finden\/"]}]},{"@type":"BreadcrumbList","@id":"https:\/\/www.ramada-encore-geneve.ch\/de\/wo-sie-uns-finden\/#breadcrumb","itemListElement":[{"@type":"ListItem","position":1,"name":"Home","item":"https:\/\/www.ramada-encore-geneve.ch\/de\/"},{"@type":"ListItem","position":2,"name":"Wo Sie uns finden"}]},{"@type":"WebSite","@id":"https:\/\/www.ramada-encore-geneve.ch\/de\/#website","url":"https:\/\/www.ramada-encore-geneve.ch\/de\/","name":"Ramada Encore Geneva","description":"","potentialAction":[{"@type":"SearchAction","target":{"@type":"EntryPoint","urlTemplate":"https:\/\/www.ramada-encore-geneve.ch\/de\/?s={search_term_string}"},"query-input":{"@type":"PropertyValueSpecification","valueRequired":true,"valueName":"search_term_string"}}],"inLanguage":"de-DE"}]}},"acf":[],"_links":{"self":[{"href":"https:\/\/www.ramada-encore-geneve.ch\/de\/wp-json\/wp\/v2\/pages\/606","targetHints":{"allow":["GET"]}}],"collection":[{"href":"https:\/\/www.ramada-encore-geneve.ch\/de\/wp-json\/wp\/v2\/pages"}],"about":[{"href":"https:\/\/www.ramada-encore-geneve.ch\/de\/wp-json\/wp\/v2\/types\/page"}],"author":[{"embeddable":true,"href":"https:\/\/www.ramada-encore-geneve.ch\/de\/wp-json\/wp\/v2\/users\/475"}],"replies":[{"embeddable":true,"href":"https:\/\/www.ramada-encore-geneve.ch\/de\/wp-json\/wp\/v2\/comments?post=606"}],"version-history":[{"count":0,"href":"https:\/\/www.ramada-encore-geneve.ch\/de\/wp-json\/wp\/v2\/pages\/606\/revisions"}],"wp:attachment":[{"href":"https:\/\/www.ramada-encore-geneve.ch\/de\/wp-json\/wp\/v2\/media?parent=606"}],"curies":[{"name":"wp","href":"https:\/\/api.w.org\/{rel}","templated":true}]}}