{"id":607,"date":"2022-06-22T10:46:44","date_gmt":"2022-06-22T10:46:44","guid":{"rendered":"https:\/\/ramada.ms.decms.eu\/votre-sejour-a-geneve\/"},"modified":"2022-10-21T13:17:21","modified_gmt":"2022-10-21T13:17:21","slug":"ihr-aufenthalt-in-genf","status":"publish","type":"page","link":"https:\/\/www.ramada-encore-geneve.ch\/de\/ihr-aufenthalt-in-genf\/","title":{"rendered":"Ihr Aufenthalt in Genf"},"content":{"rendered":"<p style=\"text-align: center;\"><span style=\"font-weight: 400;\">Das 4-Sterne-Hotel Ramada Encore profitiert von einer fantastischen Lage und erm\u00f6glicht es Ihnen, eine Vielfalt an Aktivit\u00e4ten wahrzunehmen: \u00fcber das Event-Center direkt mit dem Genfer Fu\u00dfballstadion (Stade de Gen\u00e8ve) verbunden, werden alle Fu\u00dfballfans die elektrisierende Atmosph\u00e4re eines Spiels zu sch\u00e4tzen wissen.\u00a0 <\/span><\/p>\n<p style=\"text-align: center;\"><span style=\"font-weight: 400;\">Sie gehen lieber einkaufen? St\u00f6bern Sie in den 80 Gesch\u00e4ften des Einkaufszentrums La Praille, das sich im selben Geb\u00e4ude wie das Hotel befindet. Profitieren Sie in der Stadt vom herzlichen Empfang unseres Partners, dem Restaurant Prime&#8217;s.<\/span><\/p>\n","protected":false},"excerpt":{"rendered":"<p>Das 4-Sterne-Hotel Ramada Encore profitiert von einer fantastischen Lage und erm\u00f6glicht es Ihnen, eine Vielfalt an Aktivit\u00e4ten wahrzunehmen: \u00fcber das Event-Center direkt mit dem Genfer Fu\u00dfballstadion (Stade de Gen\u00e8ve) verbunden, werden alle Fu\u00dfballfans die elektrisierende Atmosph\u00e4re eines Spiels zu sch\u00e4tzen wissen.\u00a0 Sie gehen lieber einkaufen? St\u00f6bern Sie in den 80 Gesch\u00e4ften des Einkaufszentrums La Praille, [&hellip;]<\/p>\n","protected":false},"author":8,"featured_media":0,"parent":0,"menu_order":70,"comment_status":"closed","ping_status":"closed","template":"template-surroundings.php","meta":{"footnotes":""},"class_list":["post-607","page","type-page","status-publish","hentry"],"yoast_head":"<!-- This site is optimized with the Yoast SEO plugin v26.9 - https:\/\/yoast.com\/product\/yoast-seo-wordpress\/ -->\n<title>Ihre Aktivit\u00e4ten in der N\u00e4he des Hotels | Hotel Ramada Encore by Wyndham Geneva<\/title>\n<meta name=\"description\" content=\"Entdecken Sie eine Vielfalt an Freizeitangeboten und -aktivit\u00e4ten in Genf: Genfer Fu\u00dfballstadion, Einkaufszentrum La Praille, Eissporthalle Les Vernets, Restaurant Prime&#039;s.\" \/>\n<meta name=\"robots\" content=\"index, follow, max-snippet:-1, max-image-preview:large, max-video-preview:-1\" \/>\n<link rel=\"canonical\" href=\"https:\/\/www.ramada-encore-geneve.ch\/de\/ihr-aufenthalt-in-genf\/\" \/>\n<meta property=\"og:locale\" content=\"de_DE\" \/>\n<meta property=\"og:type\" content=\"article\" \/>\n<meta property=\"og:title\" content=\"Ihre Aktivit\u00e4ten in der N\u00e4he des Hotels | Hotel Ramada Encore by Wyndham Geneva\" \/>\n<meta property=\"og:description\" content=\"Entdecken Sie eine Vielfalt an Freizeitangeboten und -aktivit\u00e4ten in Genf: Genfer Fu\u00dfballstadion, Einkaufszentrum La Praille, Eissporthalle Les Vernets, Restaurant Prime&#039;s.\" \/>\n<meta property=\"og:url\" content=\"https:\/\/www.ramada-encore-geneve.ch\/de\/ihr-aufenthalt-in-genf\/\" \/>\n<meta property=\"og:site_name\" content=\"Ramada Encore Geneva\" \/>\n<meta property=\"article:modified_time\" content=\"2022-10-21T13:17:21+00:00\" \/>\n<meta name=\"twitter:card\" content=\"summary_large_image\" \/>\n<meta name=\"twitter:label1\" content=\"Gesch\u00e4tzte Lesezeit\" \/>\n\t<meta name=\"twitter:data1\" content=\"1 Minute\" \/>\n<script type=\"application\/ld+json\" class=\"yoast-schema-graph\">{\"@context\":\"https:\/\/schema.org\",\"@graph\":[{\"@type\":\"WebPage\",\"@id\":\"https:\/\/www.ramada-encore-geneve.ch\/de\/ihr-aufenthalt-in-genf\/\",\"url\":\"https:\/\/www.ramada-encore-geneve.ch\/de\/ihr-aufenthalt-in-genf\/\",\"name\":\"Ihre Aktivit\u00e4ten in der N\u00e4he des Hotels | Hotel Ramada Encore by Wyndham Geneva\",\"isPartOf\":{\"@id\":\"https:\/\/www.ramada-encore-geneve.ch\/de\/#website\"},\"datePublished\":\"2022-06-22T10:46:44+00:00\",\"dateModified\":\"2022-10-21T13:17:21+00:00\",\"description\":\"Entdecken Sie eine Vielfalt an Freizeitangeboten und -aktivit\u00e4ten in Genf: Genfer Fu\u00dfballstadion, Einkaufszentrum La Praille, Eissporthalle Les Vernets, Restaurant Prime's.\",\"breadcrumb\":{\"@id\":\"https:\/\/www.ramada-encore-geneve.ch\/de\/ihr-aufenthalt-in-genf\/#breadcrumb\"},\"inLanguage\":\"de-DE\",\"potentialAction\":[{\"@type\":\"ReadAction\",\"target\":[\"https:\/\/www.ramada-encore-geneve.ch\/de\/ihr-aufenthalt-in-genf\/\"]}]},{\"@type\":\"BreadcrumbList\",\"@id\":\"https:\/\/www.ramada-encore-geneve.ch\/de\/ihr-aufenthalt-in-genf\/#breadcrumb\",\"itemListElement\":[{\"@type\":\"ListItem\",\"position\":1,\"name\":\"Home\",\"item\":\"https:\/\/www.ramada-encore-geneve.ch\/de\/\"},{\"@type\":\"ListItem\",\"position\":2,\"name\":\"Ihr Aufenthalt in Genf\"}]},{\"@type\":\"WebSite\",\"@id\":\"https:\/\/www.ramada-encore-geneve.ch\/de\/#website\",\"url\":\"https:\/\/www.ramada-encore-geneve.ch\/de\/\",\"name\":\"Ramada Encore Geneva\",\"description\":\"\",\"potentialAction\":[{\"@type\":\"SearchAction\",\"target\":{\"@type\":\"EntryPoint\",\"urlTemplate\":\"https:\/\/www.ramada-encore-geneve.ch\/de\/?s={search_term_string}\"},\"query-input\":{\"@type\":\"PropertyValueSpecification\",\"valueRequired\":true,\"valueName\":\"search_term_string\"}}],\"inLanguage\":\"de-DE\"}]}<\/script>\n<!-- \/ Yoast SEO plugin. -->","yoast_head_json":{"title":"Ihre Aktivit\u00e4ten in der N\u00e4he des Hotels | Hotel Ramada Encore by Wyndham Geneva","description":"Entdecken Sie eine Vielfalt an Freizeitangeboten und -aktivit\u00e4ten in Genf: Genfer Fu\u00dfballstadion, Einkaufszentrum La Praille, Eissporthalle Les Vernets, Restaurant Prime's.","robots":{"index":"index","follow":"follow","max-snippet":"max-snippet:-1","max-image-preview":"max-image-preview:large","max-video-preview":"max-video-preview:-1"},"canonical":"https:\/\/www.ramada-encore-geneve.ch\/de\/ihr-aufenthalt-in-genf\/","og_locale":"de_DE","og_type":"article","og_title":"Ihre Aktivit\u00e4ten in der N\u00e4he des Hotels | Hotel Ramada Encore by Wyndham Geneva","og_description":"Entdecken Sie eine Vielfalt an Freizeitangeboten und -aktivit\u00e4ten in Genf: Genfer Fu\u00dfballstadion, Einkaufszentrum La Praille, Eissporthalle Les Vernets, Restaurant Prime's.","og_url":"https:\/\/www.ramada-encore-geneve.ch\/de\/ihr-aufenthalt-in-genf\/","og_site_name":"Ramada Encore Geneva","article_modified_time":"2022-10-21T13:17:21+00:00","twitter_card":"summary_large_image","twitter_misc":{"Gesch\u00e4tzte Lesezeit":"1 Minute"},"schema":{"@context":"https:\/\/schema.org","@graph":[{"@type":"WebPage","@id":"https:\/\/www.ramada-encore-geneve.ch\/de\/ihr-aufenthalt-in-genf\/","url":"https:\/\/www.ramada-encore-geneve.ch\/de\/ihr-aufenthalt-in-genf\/","name":"Ihre Aktivit\u00e4ten in der N\u00e4he des Hotels | Hotel Ramada Encore by Wyndham Geneva","isPartOf":{"@id":"https:\/\/www.ramada-encore-geneve.ch\/de\/#website"},"datePublished":"2022-06-22T10:46:44+00:00","dateModified":"2022-10-21T13:17:21+00:00","description":"Entdecken Sie eine Vielfalt an Freizeitangeboten und -aktivit\u00e4ten in Genf: Genfer Fu\u00dfballstadion, Einkaufszentrum La Praille, Eissporthalle Les Vernets, Restaurant Prime's.","breadcrumb":{"@id":"https:\/\/www.ramada-encore-geneve.ch\/de\/ihr-aufenthalt-in-genf\/#breadcrumb"},"inLanguage":"de-DE","potentialAction":[{"@type":"ReadAction","target":["https:\/\/www.ramada-encore-geneve.ch\/de\/ihr-aufenthalt-in-genf\/"]}]},{"@type":"BreadcrumbList","@id":"https:\/\/www.ramada-encore-geneve.ch\/de\/ihr-aufenthalt-in-genf\/#breadcrumb","itemListElement":[{"@type":"ListItem","position":1,"name":"Home","item":"https:\/\/www.ramada-encore-geneve.ch\/de\/"},{"@type":"ListItem","position":2,"name":"Ihr Aufenthalt in Genf"}]},{"@type":"WebSite","@id":"https:\/\/www.ramada-encore-geneve.ch\/de\/#website","url":"https:\/\/www.ramada-encore-geneve.ch\/de\/","name":"Ramada Encore Geneva","description":"","potentialAction":[{"@type":"SearchAction","target":{"@type":"EntryPoint","urlTemplate":"https:\/\/www.ramada-encore-geneve.ch\/de\/?s={search_term_string}"},"query-input":{"@type":"PropertyValueSpecification","valueRequired":true,"valueName":"search_term_string"}}],"inLanguage":"de-DE"}]}},"acf":[],"_links":{"self":[{"href":"https:\/\/www.ramada-encore-geneve.ch\/de\/wp-json\/wp\/v2\/pages\/607","targetHints":{"allow":["GET"]}}],"collection":[{"href":"https:\/\/www.ramada-encore-geneve.ch\/de\/wp-json\/wp\/v2\/pages"}],"about":[{"href":"https:\/\/www.ramada-encore-geneve.ch\/de\/wp-json\/wp\/v2\/types\/page"}],"author":[{"embeddable":true,"href":"https:\/\/www.ramada-encore-geneve.ch\/de\/wp-json\/wp\/v2\/users\/8"}],"replies":[{"embeddable":true,"href":"https:\/\/www.ramada-encore-geneve.ch\/de\/wp-json\/wp\/v2\/comments?post=607"}],"version-history":[{"count":0,"href":"https:\/\/www.ramada-encore-geneve.ch\/de\/wp-json\/wp\/v2\/pages\/607\/revisions"}],"wp:attachment":[{"href":"https:\/\/www.ramada-encore-geneve.ch\/de\/wp-json\/wp\/v2\/media?parent=607"}],"curies":[{"name":"wp","href":"https:\/\/api.w.org\/{rel}","templated":true}]}}