{"id":609,"date":"2022-06-22T08:49:19","date_gmt":"2022-06-22T08:49:19","guid":{"rendered":"https:\/\/ramada.ms.decms.eu\/contactez-nous\/"},"modified":"2022-11-09T19:02:44","modified_gmt":"2022-11-09T19:02:44","slug":"setzen-sie-sich-mit-uns-in-verbindung","status":"publish","type":"page","link":"https:\/\/www.ramada-encore-geneve.ch\/de\/setzen-sie-sich-mit-uns-in-verbindung\/","title":{"rendered":"Setzen Sie sich mit uns in Verbindung"},"content":{"rendered":"<p><span style=\"font-weight: 400\">Unser Team steht Ihnen jeden Tag zur Verf\u00fcgung, um Sie \u00fcber die zahlreichen Ausstattungen und Serviceleistungen des Hotels Ramada Encore by Wyndham Geneva zu informieren. Z\u00f6gern Sie nicht, sich telefonisch, per E-Mail oder durch Ausf\u00fcllen des nebenstehenden Kontaktformulars mit uns in Verbindung zu setzen. Bis bald!<\/span><\/p>\n","protected":false},"excerpt":{"rendered":"<p>Unser Team steht Ihnen jeden Tag zur Verf\u00fcgung, um Sie \u00fcber die zahlreichen Ausstattungen und Serviceleistungen des Hotels Ramada Encore by Wyndham Geneva zu informieren. Z\u00f6gern Sie nicht, sich telefonisch, per E-Mail oder durch Ausf\u00fcllen des nebenstehenden Kontaktformulars mit uns in Verbindung zu setzen. Bis bald!<\/p>\n","protected":false},"author":475,"featured_media":0,"parent":0,"menu_order":100,"comment_status":"closed","ping_status":"closed","template":"template-contacts.php","meta":{"footnotes":""},"class_list":["post-609","page","type-page","status-publish","hentry"],"yoast_head":"<!-- This site is optimized with the Yoast SEO plugin v26.9 - https:\/\/yoast.com\/product\/yoast-seo-wordpress\/ -->\n<title>Kontakt | Hotel Ramada Encore by Wyndham Geneva<\/title>\n<meta name=\"description\" content=\"Die vollst\u00e4ndigen Kontaktdaten unseres 3-Sterne-Superior-Hotel Ramada Encore in Genf: Setzen Sie sich telefonisch, per E-Mail oder \u00fcber das Kontaktformular mit uns in Verbindung.\" \/>\n<meta name=\"robots\" content=\"index, follow, max-snippet:-1, max-image-preview:large, max-video-preview:-1\" \/>\n<link rel=\"canonical\" href=\"https:\/\/www.ramada-encore-geneve.ch\/de\/setzen-sie-sich-mit-uns-in-verbindung\/\" \/>\n<meta property=\"og:locale\" content=\"de_DE\" \/>\n<meta property=\"og:type\" content=\"article\" \/>\n<meta property=\"og:title\" content=\"Kontakt | Hotel Ramada Encore by Wyndham Geneva\" \/>\n<meta property=\"og:description\" content=\"Die vollst\u00e4ndigen Kontaktdaten unseres 3-Sterne-Superior-Hotel Ramada Encore in Genf: Setzen Sie sich telefonisch, per E-Mail oder \u00fcber das Kontaktformular mit uns in Verbindung.\" \/>\n<meta property=\"og:url\" content=\"https:\/\/www.ramada-encore-geneve.ch\/de\/setzen-sie-sich-mit-uns-in-verbindung\/\" \/>\n<meta property=\"og:site_name\" content=\"Ramada Encore Geneva\" \/>\n<meta property=\"article:modified_time\" content=\"2022-11-09T19:02:44+00:00\" \/>\n<meta name=\"twitter:card\" content=\"summary_large_image\" \/>\n<meta name=\"twitter:label1\" content=\"Gesch\u00e4tzte Lesezeit\" \/>\n\t<meta name=\"twitter:data1\" content=\"1 Minute\" \/>\n<script type=\"application\/ld+json\" class=\"yoast-schema-graph\">{\"@context\":\"https:\/\/schema.org\",\"@graph\":[{\"@type\":\"WebPage\",\"@id\":\"https:\/\/www.ramada-encore-geneve.ch\/de\/setzen-sie-sich-mit-uns-in-verbindung\/\",\"url\":\"https:\/\/www.ramada-encore-geneve.ch\/de\/setzen-sie-sich-mit-uns-in-verbindung\/\",\"name\":\"Kontakt | Hotel Ramada Encore by Wyndham Geneva\",\"isPartOf\":{\"@id\":\"https:\/\/www.ramada-encore-geneve.ch\/de\/#website\"},\"datePublished\":\"2022-06-22T08:49:19+00:00\",\"dateModified\":\"2022-11-09T19:02:44+00:00\",\"description\":\"Die vollst\u00e4ndigen Kontaktdaten unseres 3-Sterne-Superior-Hotel Ramada Encore in Genf: Setzen Sie sich telefonisch, per E-Mail oder \u00fcber das Kontaktformular mit uns in Verbindung.\",\"breadcrumb\":{\"@id\":\"https:\/\/www.ramada-encore-geneve.ch\/de\/setzen-sie-sich-mit-uns-in-verbindung\/#breadcrumb\"},\"inLanguage\":\"de-DE\",\"potentialAction\":[{\"@type\":\"ReadAction\",\"target\":[\"https:\/\/www.ramada-encore-geneve.ch\/de\/setzen-sie-sich-mit-uns-in-verbindung\/\"]}]},{\"@type\":\"BreadcrumbList\",\"@id\":\"https:\/\/www.ramada-encore-geneve.ch\/de\/setzen-sie-sich-mit-uns-in-verbindung\/#breadcrumb\",\"itemListElement\":[{\"@type\":\"ListItem\",\"position\":1,\"name\":\"Home\",\"item\":\"https:\/\/www.ramada-encore-geneve.ch\/de\/\"},{\"@type\":\"ListItem\",\"position\":2,\"name\":\"Setzen Sie sich mit uns in Verbindung\"}]},{\"@type\":\"WebSite\",\"@id\":\"https:\/\/www.ramada-encore-geneve.ch\/de\/#website\",\"url\":\"https:\/\/www.ramada-encore-geneve.ch\/de\/\",\"name\":\"Ramada Encore Geneva\",\"description\":\"\",\"potentialAction\":[{\"@type\":\"SearchAction\",\"target\":{\"@type\":\"EntryPoint\",\"urlTemplate\":\"https:\/\/www.ramada-encore-geneve.ch\/de\/?s={search_term_string}\"},\"query-input\":{\"@type\":\"PropertyValueSpecification\",\"valueRequired\":true,\"valueName\":\"search_term_string\"}}],\"inLanguage\":\"de-DE\"}]}<\/script>\n<!-- \/ Yoast SEO plugin. -->","yoast_head_json":{"title":"Kontakt | Hotel Ramada Encore by Wyndham Geneva","description":"Die vollst\u00e4ndigen Kontaktdaten unseres 3-Sterne-Superior-Hotel Ramada Encore in Genf: Setzen Sie sich telefonisch, per E-Mail oder \u00fcber das Kontaktformular mit uns in Verbindung.","robots":{"index":"index","follow":"follow","max-snippet":"max-snippet:-1","max-image-preview":"max-image-preview:large","max-video-preview":"max-video-preview:-1"},"canonical":"https:\/\/www.ramada-encore-geneve.ch\/de\/setzen-sie-sich-mit-uns-in-verbindung\/","og_locale":"de_DE","og_type":"article","og_title":"Kontakt | Hotel Ramada Encore by Wyndham Geneva","og_description":"Die vollst\u00e4ndigen Kontaktdaten unseres 3-Sterne-Superior-Hotel Ramada Encore in Genf: Setzen Sie sich telefonisch, per E-Mail oder \u00fcber das Kontaktformular mit uns in Verbindung.","og_url":"https:\/\/www.ramada-encore-geneve.ch\/de\/setzen-sie-sich-mit-uns-in-verbindung\/","og_site_name":"Ramada Encore Geneva","article_modified_time":"2022-11-09T19:02:44+00:00","twitter_card":"summary_large_image","twitter_misc":{"Gesch\u00e4tzte Lesezeit":"1 Minute"},"schema":{"@context":"https:\/\/schema.org","@graph":[{"@type":"WebPage","@id":"https:\/\/www.ramada-encore-geneve.ch\/de\/setzen-sie-sich-mit-uns-in-verbindung\/","url":"https:\/\/www.ramada-encore-geneve.ch\/de\/setzen-sie-sich-mit-uns-in-verbindung\/","name":"Kontakt | Hotel Ramada Encore by Wyndham Geneva","isPartOf":{"@id":"https:\/\/www.ramada-encore-geneve.ch\/de\/#website"},"datePublished":"2022-06-22T08:49:19+00:00","dateModified":"2022-11-09T19:02:44+00:00","description":"Die vollst\u00e4ndigen Kontaktdaten unseres 3-Sterne-Superior-Hotel Ramada Encore in Genf: Setzen Sie sich telefonisch, per E-Mail oder \u00fcber das Kontaktformular mit uns in Verbindung.","breadcrumb":{"@id":"https:\/\/www.ramada-encore-geneve.ch\/de\/setzen-sie-sich-mit-uns-in-verbindung\/#breadcrumb"},"inLanguage":"de-DE","potentialAction":[{"@type":"ReadAction","target":["https:\/\/www.ramada-encore-geneve.ch\/de\/setzen-sie-sich-mit-uns-in-verbindung\/"]}]},{"@type":"BreadcrumbList","@id":"https:\/\/www.ramada-encore-geneve.ch\/de\/setzen-sie-sich-mit-uns-in-verbindung\/#breadcrumb","itemListElement":[{"@type":"ListItem","position":1,"name":"Home","item":"https:\/\/www.ramada-encore-geneve.ch\/de\/"},{"@type":"ListItem","position":2,"name":"Setzen Sie sich mit uns in Verbindung"}]},{"@type":"WebSite","@id":"https:\/\/www.ramada-encore-geneve.ch\/de\/#website","url":"https:\/\/www.ramada-encore-geneve.ch\/de\/","name":"Ramada Encore Geneva","description":"","potentialAction":[{"@type":"SearchAction","target":{"@type":"EntryPoint","urlTemplate":"https:\/\/www.ramada-encore-geneve.ch\/de\/?s={search_term_string}"},"query-input":{"@type":"PropertyValueSpecification","valueRequired":true,"valueName":"search_term_string"}}],"inLanguage":"de-DE"}]}},"acf":[],"_links":{"self":[{"href":"https:\/\/www.ramada-encore-geneve.ch\/de\/wp-json\/wp\/v2\/pages\/609","targetHints":{"allow":["GET"]}}],"collection":[{"href":"https:\/\/www.ramada-encore-geneve.ch\/de\/wp-json\/wp\/v2\/pages"}],"about":[{"href":"https:\/\/www.ramada-encore-geneve.ch\/de\/wp-json\/wp\/v2\/types\/page"}],"author":[{"embeddable":true,"href":"https:\/\/www.ramada-encore-geneve.ch\/de\/wp-json\/wp\/v2\/users\/475"}],"replies":[{"embeddable":true,"href":"https:\/\/www.ramada-encore-geneve.ch\/de\/wp-json\/wp\/v2\/comments?post=609"}],"version-history":[{"count":0,"href":"https:\/\/www.ramada-encore-geneve.ch\/de\/wp-json\/wp\/v2\/pages\/609\/revisions"}],"wp:attachment":[{"href":"https:\/\/www.ramada-encore-geneve.ch\/de\/wp-json\/wp\/v2\/media?parent=609"}],"curies":[{"name":"wp","href":"https:\/\/api.w.org\/{rel}","templated":true}]}}