{"id":611,"date":"2022-06-22T08:52:43","date_gmt":"2022-06-22T08:52:43","guid":{"rendered":"https:\/\/ramada.ms.decms.eu\/mentions-legales\/"},"modified":"2022-10-24T08:22:01","modified_gmt":"2022-10-24T08:22:01","slug":"impressum","status":"publish","type":"page","link":"https:\/\/www.ramada-encore-geneve.ch\/de\/impressum\/","title":{"rendered":"Impressum"},"content":{"rendered":"<p style=\"text-align: center;\">EHLP S\u00e0RL est le groupe qui op\u00e8re sous le nom de Ramada Encore Gen\u00e8ve. Son adresse est 10-12 Route des Jeunes, 1227 Gen\u00e8ve, Suisse. Au Royaume-Uni, il exerce ses activit\u00e9s aux termes de la l\u00e9gislation applicable sur la protection des donn\u00e9es.<\/p>\n<h2 style=\"text-align: center;\">EDITEUR :<\/h2>\n<p style=\"text-align: center;\">La Soci\u00e9t\u00e9 D-EDGE<br \/>\nADRESSE : 66, rue des Archives<br \/>\n\u00e0 PARIS (75003)<br \/>\nRCS PARIS N\u00b0 431 513 852<br \/>\nRegistre du Commerce et des Soci\u00e9t\u00e9s n\u00b0RCS<br \/>\nPARIS 431 513 852<br \/>\nCapital: 12 700 298.40\u20ac\u200b<\/p>\n<h2 style=\"text-align: center;\">HEBERGEUR :<\/h2>\n<p style=\"text-align: center;\">WPEngine, Inc. Irongate House,<br \/>\nAdresse : 22-30 Duke\u2019s Place Londres, EC3A 7LP,<br \/>\nRoyaume-Uni<br \/>\nT\u00e9l\u00e9phone : 08 00 50 53 049<\/p>\n<h2 style=\"text-align: center;\"><strong>AVIS SUR LES DROITS DE LA PROPRI\u00c9T\u00c9 INTELLECTUELLE ET LES DROITS D\u2019AUTEUR<\/strong><\/h2>\n<p style=\"text-align: center;\">Tout le contenu, les informations, textes, images, graphiques, sons, liens et autres informations et logiciels publi\u00e9s ou figurant d\u2019une autre fa\u00e7on dans ce site appartiennent en exclusivit\u00e9 \u00e0 EHLP S\u00e0RL. Ce contenu ne peut pas \u00eatre copi\u00e9, distribu\u00e9, affich\u00e9, reproduit ni transmis, sous quelque forme ou par quelque moyen que ce soit, \u00e9lectronique, m\u00e9canique, photocopie, enregistrement ou autre, sans l&#8217;autorisation pr\u00e9alable \u00e9crite de EHLP S\u00e0RL. Ce contenu peut subir des modifications sans pr\u00e9avis. Tous les droits de propri\u00e9t\u00e9 intellectuelle de EHLP S\u00e0RL sont prot\u00e9g\u00e9s contre la copie et la simulation en vertu des lois locales et internationales et ne peuvent pas \u00eatre reproduits, copi\u00e9s ou utilis\u00e9s sans l&#8217;autorisation expresse \u00e9crite pr\u00e9alable de EHLP S\u00e0RL.<\/p>\n<p style=\"text-align: center;\">Photographe : Kristina Sado<\/p>\n<p style=\"text-align: center;\">Cr\u00e9dit : EHLP S\u00e0RL<\/p>\n<p style=\"text-align: center;\">Photographe : Olivier Miche<\/p>\n<p style=\"text-align: center;\">Photographe : Jean Jacques Steiner<\/p>\n<p style=\"text-align: center;\">Cr\u00e9dit : Gen\u00e8ve Tourisme<\/p>\n<h2 style=\"text-align: center;\"><strong>AVERTISSEMENT L\u00c9GAL<\/strong><\/h2>\n<p style=\"text-align: center;\">Les informations en rapport avec l\u2019utilisation de l\u2019Internet ou qui en d\u00e9rivent sont publiques. Les visiteurs du site en assument les risques \u00e9ventuels. Nous ne proposons aucune interpr\u00e9tation ou garantie de quelque nature que ce soit, explicite, implicite ou statutaire, quant \u00e0 l&#8217;exactitude, la fiabilit\u00e9, l&#8217;utilit\u00e9 ou l&#8217;exhaustivit\u00e9 des services, contenus ou mati\u00e8res inclus dans ce site ou ses liens. Dans toute la mesure conf\u00e9r\u00e9e par la l\u00e9gislation applicable, nous d\u00e9clinons toute garantie, expresse ou implicite, y compris, entre autres, les garanties inh\u00e9rentes de qualit\u00e9 loyale et marchande, convenance \u00e0 une utilisation sp\u00e9cifique, titre, conception, exactitude, suffisance, pertinence, exhaustivit\u00e9, disponibilit\u00e9, compatibilit\u00e9 ou se d\u00e9gageant de la conduite habituelle ou d\u2019ex\u00e9cution. Nous ne garantissons pas que le site ou les services, le contenu, les mati\u00e8res ou les fonctions du site seront disponibles en permanence, ininterrompus ou sans erreur ; ni que les d\u00e9fauts seront corrig\u00e9 ; ni que le site, les services, le contenu, les mati\u00e8res ou les serveurs permettant la disponibilit\u00e9 dudit site, de ses services, son contenu et ses mati\u00e8res sont exempts de virus ou d\u2019autres \u00e9l\u00e9ments nuisibles ; ni qu\u2019ils sont exacts ou complets. Nous ne garantissons pas, et ne faisons pas d\u2019interpr\u00e9tation quant \u00e0 l\u2019utilisation des r\u00e9sultats de l\u2019usage des services, du contenu, des mati\u00e8res, fonctions ou produits disponibles dans le site en termes d\u2019exactitude, pr\u00e9cision, fiabilit\u00e9 ou autre. Les visiteurs assument pleinement les co\u00fbts de tous les services d\u2019entretien, r\u00e9paration ou correction n\u00e9cessaires. La loi applicable peut ne pas admettre l\u2019exclusion des garanties implicites et, partant, l\u2019exclusion susvis\u00e9e peut ne pas s\u2019appliquer \u00e0 certains visiteurs. Au cas o\u00f9 nous serions d\u00e9clar\u00e9s responsables de dommages en rapport avec ces questions, les visiteurs ne pourraient demander en d\u00e9dommagement que le remboursement des services ou produits qu\u2019ils auraient pay\u00e9s \u00e0 l\u2019organe ou entreprise responsable qui ne les leur aurait pas fournis. Tous les visiteurs renoncent ici \u00e0 tous leurs droits de d\u00e9poser plainte ou d\u2019entamer une action quelconque \u00e0 ce sujet devant tout type de forum si un (1) an s\u2019est \u00e9coul\u00e9 depuis qu\u2019est survenu l\u2019acte, \u00e9v\u00e9nement, condition ou omission faisant l\u2019objet de la r\u00e9clamation ou de l\u2019action. Nous pouvons interdire aux visiteurs de participer \u00e0 ce site ou de l\u2019utiliser si, \u00e0 notre seule et enti\u00e8re discr\u00e9tion, nous estimons qu\u2019ils ne respectent pas cet accord ou qu\u2019ils agissent \u00e0 l\u2019encontre de toute \u00e9thique, dans l\u2019intention d\u2019importuner, abuser, menacer ou harceler une autre personne, ou qu\u2019ils le font d\u2019une mani\u00e8re perturbatrice. Nous nous r\u00e9servons \u00e9galement le droit de refuser un service, de clore un compte, d\u2019annuler ou d\u2019\u00e9diter le contenu ou de supprimer des commandes, toujours \u00e0 notre seule et enti\u00e8re discr\u00e9tion.<\/p>\n<h2 style=\"text-align: center;\"><strong>MARQUES COMMERCIALES<\/strong><\/h2>\n<p style=\"text-align: center;\">Les marques de service suivantes appartiennent au groupe Wyndham Hotel, \u00e0 ses filiales ou associ\u00e9es affili\u00e9es: Ramada\u00ae, Ramada Resort\u00ae, Ramada Hotel &amp; Resort\u00ae, Ramada Plaza\u00ae, Ramada Encore\u00ae, Ramada Hotel &amp; Suites\u00ae, Ramada Limited\u00ae, Ramada Inn\u00ae, Ramada Hotel\u00ae,Wyndham\u00ae, Wingate by Wyndham\u00ae, Baymont Inn &amp; Suites\u00ae Travelodge\u00ae, Amerihost\u00ae, Knights Inn\u00ae, Days Inn\u00ae, Super 8, Howard Johnson\u00ae, Trip Rewards\u00ae.<\/p>\n<p style=\"text-align: center;\">Wyndham Hotel Group\u00ae est une marque commerciale qui d\u00e9crit les filiales de Wyndham Worldwide Corporation\u00ae qui travaillent dans l\u2019h\u00f4tellerie dans le monde entier. Les marques du Wyndham Hotel Group ne peuvent pas \u00eatre publiquement utilis\u00e9es ni affich\u00e9es sans l\u2019autorisation pr\u00e9alable \u00e9crite de Wyndham Hotel Group, exception faite des logos et photographies t\u00e9l\u00e9charg\u00e9s volontairement ailleurs sur ce site.<\/p>\n<h2 style=\"text-align: center;\"><strong>LIENS VERS D&#8217;AUTRES SITES WEB<\/strong><\/h2>\n<p style=\"text-align: center;\">Ce site Web peut contenir des liens vers des sites Web de tiers et \/ ou affili\u00e9s, qui \u00e9chappent \u00e0 notre contr\u00f4le ou exploitation (les \u00ab sites li\u00e9s \u00bb). Les liens vous permettront de quitter ce site Web et vous y acc\u00e9derez \u00e0 ces autres sites \u00e0 vos risques et p\u00e9rils. Vous admettez que nous mettons \u00e0 votre disposition les sites li\u00e9s aux seules fins de vous rendre service et vous informer. Nous n\u2019assumons pas et nous ne sommes pas responsables du contenu, des informations et autres mati\u00e8res connexes figurant dans ces sites li\u00e9s ni dans d\u2019autres sites li\u00e9s contenus dans les premiers, que nous ayons ou non un rapport avec leur propri\u00e9taire. Nous ne contr\u00f4lons pas non plus l\u2019utilisation du contenu, des informations ou autres mati\u00e8res connexes que vous pourriez fournir ou qui seraient collect\u00e9s et\/ ou suivis par ces sites li\u00e9s. Cet usage des sites li\u00e9s est r\u00e9gi selon les termes et conditions d\u2019utilisations et\/ ou les politiques de confidentialit\u00e9 de ces sites li\u00e9s et non pas par ce site Web et peut, par cons\u00e9quent, diff\u00e9rer du n\u00f4tre. Vous ne pouvez pas \u00e9tablir un lien hypertexte vers ce site Web, ni fournir des liens dont se d\u00e9gagerait l\u2019approbation ou le cautionnement de votre site Web de notre part ou de celle des fournisseurs, ou qui pourraient le sugg\u00e9rer.<\/p>\n<h2 style=\"text-align: center;\"><strong>CONFIDENTIALIT\u00c9<\/strong><\/h2>\n<p style=\"text-align: center;\">EHLP S\u00e0RL est fermement r\u00e9solu \u00e0 fournir un excellent service \u00e0 tous ses clients et \u00e0 respecter leurs pr\u00e9occupations en mati\u00e8re de confidentialit\u00e9. Nous comprenons que les visiteurs de notre site peuvent se demander si, et comment, ce site recueille et utilise l&#8217;information.<\/p>\n<h3 style=\"text-align: center;\">Navigation<\/h3>\n<p style=\"text-align: center;\">Les visiteurs naviguent sur ce site de fa\u00e7on anonyme. Nous n&#8217;avons pas configur\u00e9 ce site pour qu\u2019il collecte des informations de votre ordinateur sans votre contribution, ce qui signifie que pour notre part, votre identit\u00e9, votre adresse e-mail, ou tout autre renseignement identifiable resteront dans l\u2019anonymat. Les informations de ce type nous sont fournies par vous, volontairement et sciemment.<\/p>\n<h3 style=\"text-align: center;\">Informations<\/h3>\n<p style=\"text-align: center;\">Pendant que vous explorez notre site Web en qu\u00eate des informations qui vous int\u00e9ressent, vous pouvez poser une question sp\u00e9cifique sur l&#8217;un de nos h\u00f4tels ou services, ou participer \u00e0 l&#8217;une de nos enqu\u00eates en ligne ou \u00e0 des promotions. Pour r\u00e9pondre \u00e0 votre demande ou pour vous permettre de participer \u00e0 nos diff\u00e9rents programmes, nous pouvons vous demander votre nom, votre code postal, adresse e-mail et num\u00e9ro de t\u00e9l\u00e9phone. Sachez que si vous d\u00e9cidez de nous donner ces informations, nous ne les utiliserons qu\u2019aux fins sp\u00e9cifi\u00e9es, \u00e0 moins que vous ne demandiez autre chose. Un autre exemple : si vous souhaitez faire une r\u00e9servation dans l\u2019un de nos h\u00f4tels ou centres de vill\u00e9giature, nous vous demanderons des renseignements tels que votre nom, adresse, num\u00e9ro de t\u00e9l\u00e9phone, adresse e-mail, type, num\u00e9ro et date d\u2019expiration de carte de cr\u00e9dit et pr\u00e9f\u00e9rence pour la chambre (non-fumeur ou sans pr\u00e9f\u00e9rence) pour traiter votre r\u00e9servation. Nous utiliserons votre adresse e-mail pour vous envoyer la confirmation et, si n\u00e9cessaire, les autres renseignements pour vous contacter \u00e0 propos de votre r\u00e9servation. Pour le reste, nous ne vous enverrons de courriels que si vous nous le demandez \u2013 vous avez \u00e0 disposition d\u2019autres moyens pour recevoir une r\u00e9ponse \u00e0 une demande. La transmission de vos donn\u00e9es personnelles constitue votre reconnaissance et votre acceptation des termes et conditions contenus dans cette d\u00e9claration de confidentialit\u00e9. C\u2019est le m\u00eame type de renseignements qui vous sera demand\u00e9 pour toute transaction de certificat-cadeau. Les donn\u00e9es, dont votre nom, votre adresse et votre carte de cr\u00e9dit, que nous nous vous demandons pour une r\u00e9servation ou l&#8217;achat d&#8217;un certificat-cadeau, sont transf\u00e9r\u00e9es par la ligne du protocole de s\u00e9curit\u00e9 Secured Sockets Layer (SSL), \u00e0 condition que vous utilisiez un navigateur SSL, comme le Microsoft Internet Explorer ou le Netscape Navigator. Ce mode garantit que vos informations sont crypt\u00e9es sur tout leur trajet par Internet. Ce mode s\u00e9curis\u00e9 est activ\u00e9 avant que votre ordinateur ne transmette cette information. Vous aurez la confirmation que vous \u00eates en mode s\u00e9curis\u00e9 lorsque l\u2019ic\u00f4ne du cadenas appara\u00eetra en position verrouill\u00e9e \u00e0 l\u2019angle inf\u00e9rieur droit de l\u2019\u00e9cran. De plus, lorsque vous acc\u00e9dez \u00e0 un serveur s\u00e9curis\u00e9, les premiers caract\u00e8res de l&#8217;adresse du site passent de http \u00e0 https. D\u00e8s que l\u2019information arrive chez EHLP S\u00e0RL, elle est sauvegard\u00e9e dans un serveur s\u00e9curis\u00e9 situ\u00e9 derri\u00e8re le pare-feu, et con\u00e7u pour bloquer l\u2019acc\u00e8s depuis l\u2019ext\u00e9rieur de la soci\u00e9t\u00e9.<\/p>\n<h3 style=\"text-align: center;\">Adresse de protocole Internet (IP)<\/h3>\n<p style=\"text-align: center;\">D\u00e8s que vous naviguez sur Internet, un num\u00e9ro est automatiquement attribu\u00e9 \u00e0 votre ordinateur ; c\u2019est ce qu\u2019on appelle l\u2019adresse IP. L\u2019adresse IP de l\u2019utilisateur actuel est connect\u00e9e \u00e0 chaque fois qu\u2019une page du site est demand\u00e9e, et ces adresses IP aident \u00e0 diagnostiquer des probl\u00e8mes. Elles ne sont reli\u00e9es \u00e0 aucune personne identifiable et, partant, chaque session d\u2019utilisateur est anonyme.<\/p>\n<h3 style=\"text-align: center;\">Utilisation des informations par EHLP S\u00e0RL<\/h3>\n<p style=\"text-align: center;\">Nous traitons les informations que vous nous donnez comme des informations confidentielles ; en cons\u00e9quence, elles sont assujetties aux proc\u00e9dures de s\u00e9curit\u00e9 de notre soci\u00e9t\u00e9 et \u00e0 de strictes politiques en mati\u00e8re de protection et utilisation d\u2019informations confidentielles. D\u00e8s lors que les lois applicables aux donn\u00e9es de caract\u00e8re personnel varient d\u2019un pays \u00e0 l\u2019autre, nous pouvons, dans le cadre de nos h\u00f4tels ou de nos autres op\u00e9rations commerciales, mettre en place des mesures compl\u00e9mentaires en fonction des conditions l\u00e9gales applicables. L\u2019information sur les certificats-cadeaux, \u00e9tudes ou autres, ne concernant pas les r\u00e9servations, n\u2019est utilis\u00e9e qu\u2019aux fins pour lesquelles elle a \u00e9t\u00e9 collect\u00e9e et pas pour du marketing direct : elle n\u2019est pas non plus partag\u00e9e avec d\u2019autres soci\u00e9t\u00e9s. Les renseignements personnels que vous nous donnez pour faire une r\u00e9servation sont mis \u00e0 la disposition de l\u2019h\u00f4tel en question pour r\u00e9pondre \u00e0 votre demande de r\u00e9servation. Si vous annulez votre r\u00e9servation, les informations sont sauvegard\u00e9es aux seules fins de tenue de dossier et elles ne sont plus accessibles. Apr\u00e8s votre s\u00e9jour \u00e0 l\u2019h\u00f4tel Ramada Encore Gen\u00e8ve, les renseignements que vous nous avez donn\u00e9s pourront \u00eatre utilis\u00e9s par le Ramada Encore Gen\u00e8ve pour du marketing direct, ou EHLP S\u00e0RL pourra avoir recours aux services d\u2019une messagerie externe pour des publipostages uniquement.<\/p>\n<h3 style=\"text-align: center;\">Divulgation de renseignements et Opt-Out<\/h3>\n<p style=\"text-align: center;\">En l\u2019absence de votre consentement pr\u00e9alable, les informations que vous avez fournies ne seront ni vendues ni lou\u00e9es \u00e0 des tiers ne faisant pas partie de EHLP S\u00e0RL. EHLP S\u00e0RL s\u2019abstiendra de vendre, commercialiser, louer ou diffuser ces informations aupr\u00e8s d\u2019autres soci\u00e9t\u00e9s. Votre consentement pr\u00e9alable pourra \u00eatre obtenu par un m\u00e9canisme opt-out.<\/p>\n<h3 style=\"text-align: center;\">Cookies<\/h3>\n<p style=\"text-align: center;\">Notre site ne fait qu&#8217;un usage restreint de la technologie des \u00abcookies\u00bb. Ces cookies sont des cha\u00eenes de texte qu&#8217;un site Web transmet \u00e0 l&#8217;ordinateur d&#8217;un utilisateur. Les cookies permettent \u00e0 un site Web de conserver une trace des pr\u00e9f\u00e9rences et activit\u00e9s d&#8217;un utilisateur en rapport avec ce site. Notre site Web cr\u00e9e un cookie temporaire pour chaque visite afin de faciliter votre visite. Nos cookies expirent automatiquement d\u00e8s que vous quittez notre site. Ils ne transmettent aucune information sur vous ou votre ordinateur \u00e0 EHLP S\u00e0RL. Si vous ne souhaitez pas recevoir ces cookies, vous pouvez r\u00e9gler votre navigateur pour qu\u2019il les refuse (consultez les instructions de votre navigateur pour savoir comment vous y prendre), mais cette op\u00e9ration risque d\u2019affecter votre capacit\u00e9 pour certaines transactions sur notre site Web.<\/p>\n<h3 style=\"text-align: center;\">Liens vers d\u2019autres sites<\/h3>\n<p style=\"text-align: center;\">Si vous d\u00e9cidez de quitter ce site de EHLP S\u00e0RL pour aller sur d\u2019autres liens n\u2019appartenant pas \u00e0 EHLP S\u00e0RL, dont les sites de publicit\u00e9, EHLP S\u00e0RL ne sera pas responsable des politiques de confidentialit\u00e9 ni du contenu de ces sites, ni des cookies que ces sites pourraient d\u00e9poser dans votre disque dur.<\/p>\n<h3 style=\"text-align: center;\">Questions juridiques<\/h3>\n<p style=\"text-align: center;\">Ce site Web \u00e9tant suisse, il est soumis aux lois suisses. EHLP S\u00e0RL pourra divulguer des donn\u00e9es personnelles sans votre consentement s\u2019il y est somm\u00e9 par la loi ou s\u2019il estime, en toute bonne foi, que cette action est n\u00e9cessaire pour une enqu\u00eate ou pour se prot\u00e9ger d\u2019actions susceptibles de nuire aux clients, visiteurs et employ\u00e9s ou \u00e0 la propri\u00e9t\u00e9 (ce site compris) de EHLP S\u00e0RL ou \u00e0 autrui.<\/p>\n<h3 style=\"text-align: center;\">Modification de la d\u00e9claration de confidentialit\u00e9<\/h3>\n<p style=\"text-align: center;\">Il est possible que dans le futur, nous devions changer la d\u00e9claration de confidentialit\u00e9 pour celle de <a href=\"https:\/\/jebelali-international.com\/\" target=\"_blank\" rel=\"noopener\">jebelali-international.com<\/a>. Toutes les modifications seront faites de fa\u00e7on que vous puissiez toujours savoir quelle information nous collectons, comment nous pouvons l\u2019utiliser et si nous allons la divulguer \u00e0 quelqu\u2019un. Nous pouvons conclure en affirmant que vos pr\u00e9occupations de confidentialit\u00e9 sont importantes pour nous, et que nous esp\u00e9rons que cette d\u00e9claration de confidentialit\u00e9 vous aura \u00e9t\u00e9 utile.<\/p>\n","protected":false},"excerpt":{"rendered":"<p>EHLP S\u00e0RL est le groupe qui op\u00e8re sous le nom de Ramada Encore Gen\u00e8ve. Son adresse est 10-12 Route des Jeunes, 1227 Gen\u00e8ve, Suisse. Au Royaume-Uni, il exerce ses activit\u00e9s aux termes de la l\u00e9gislation applicable sur la protection des donn\u00e9es. EDITEUR : La Soci\u00e9t\u00e9 D-EDGE ADRESSE : 66, rue des Archives \u00e0 PARIS (75003) [&hellip;]<\/p>\n","protected":false},"author":475,"featured_media":0,"parent":0,"menu_order":120,"comment_status":"closed","ping_status":"closed","template":"","meta":{"footnotes":""},"class_list":["post-611","page","type-page","status-publish","hentry"],"yoast_head":"<!-- This site is optimized with the Yoast SEO plugin v26.9 - https:\/\/yoast.com\/product\/yoast-seo-wordpress\/ -->\n<title>Impressum | Ramada Encore Geneva<\/title>\n<meta name=\"description\" content=\"EHLP S\u00e0RL est le groupe qui op\u00e8re sous le nom de Ramada Encore Gen\u00e8ve. Son adresse est 10-12 Route des Jeunes, 1227 Gen\u00e8ve, Suisse. Au Royaume-Uni, il\" \/>\n<meta name=\"robots\" content=\"index, follow, max-snippet:-1, max-image-preview:large, max-video-preview:-1\" \/>\n<link rel=\"canonical\" href=\"https:\/\/www.ramada-encore-geneve.ch\/de\/impressum\/\" \/>\n<meta property=\"og:locale\" content=\"de_DE\" \/>\n<meta property=\"og:type\" content=\"article\" \/>\n<meta property=\"og:title\" content=\"Impressum | Ramada Encore Geneva\" \/>\n<meta property=\"og:description\" content=\"EHLP S\u00e0RL est le groupe qui op\u00e8re sous le nom de Ramada Encore Gen\u00e8ve. Son adresse est 10-12 Route des Jeunes, 1227 Gen\u00e8ve, Suisse. Au Royaume-Uni, il\" \/>\n<meta property=\"og:url\" content=\"https:\/\/www.ramada-encore-geneve.ch\/de\/impressum\/\" \/>\n<meta property=\"og:site_name\" content=\"Ramada Encore Geneva\" \/>\n<meta property=\"article:modified_time\" content=\"2022-10-24T08:22:01+00:00\" \/>\n<meta name=\"twitter:card\" content=\"summary_large_image\" \/>\n<meta name=\"twitter:label1\" content=\"Gesch\u00e4tzte Lesezeit\" \/>\n\t<meta name=\"twitter:data1\" content=\"10 Minuten\" \/>\n<script type=\"application\/ld+json\" class=\"yoast-schema-graph\">{\"@context\":\"https:\/\/schema.org\",\"@graph\":[{\"@type\":\"WebPage\",\"@id\":\"https:\/\/www.ramada-encore-geneve.ch\/de\/impressum\/\",\"url\":\"https:\/\/www.ramada-encore-geneve.ch\/de\/impressum\/\",\"name\":\"Impressum | Ramada Encore Geneva\",\"isPartOf\":{\"@id\":\"https:\/\/www.ramada-encore-geneve.ch\/de\/#website\"},\"datePublished\":\"2022-06-22T08:52:43+00:00\",\"dateModified\":\"2022-10-24T08:22:01+00:00\",\"description\":\"EHLP S\u00e0RL est le groupe qui op\u00e8re sous le nom de Ramada Encore Gen\u00e8ve. Son adresse est 10-12 Route des Jeunes, 1227 Gen\u00e8ve, Suisse. Au Royaume-Uni, il\",\"breadcrumb\":{\"@id\":\"https:\/\/www.ramada-encore-geneve.ch\/de\/impressum\/#breadcrumb\"},\"inLanguage\":\"de-DE\",\"potentialAction\":[{\"@type\":\"ReadAction\",\"target\":[\"https:\/\/www.ramada-encore-geneve.ch\/de\/impressum\/\"]}]},{\"@type\":\"BreadcrumbList\",\"@id\":\"https:\/\/www.ramada-encore-geneve.ch\/de\/impressum\/#breadcrumb\",\"itemListElement\":[{\"@type\":\"ListItem\",\"position\":1,\"name\":\"Home\",\"item\":\"https:\/\/www.ramada-encore-geneve.ch\/de\/\"},{\"@type\":\"ListItem\",\"position\":2,\"name\":\"Impressum\"}]},{\"@type\":\"WebSite\",\"@id\":\"https:\/\/www.ramada-encore-geneve.ch\/de\/#website\",\"url\":\"https:\/\/www.ramada-encore-geneve.ch\/de\/\",\"name\":\"Ramada Encore Geneva\",\"description\":\"\",\"potentialAction\":[{\"@type\":\"SearchAction\",\"target\":{\"@type\":\"EntryPoint\",\"urlTemplate\":\"https:\/\/www.ramada-encore-geneve.ch\/de\/?s={search_term_string}\"},\"query-input\":{\"@type\":\"PropertyValueSpecification\",\"valueRequired\":true,\"valueName\":\"search_term_string\"}}],\"inLanguage\":\"de-DE\"}]}<\/script>\n<!-- \/ Yoast SEO plugin. -->","yoast_head_json":{"title":"Impressum | Ramada Encore Geneva","description":"EHLP S\u00e0RL est le groupe qui op\u00e8re sous le nom de Ramada Encore Gen\u00e8ve. Son adresse est 10-12 Route des Jeunes, 1227 Gen\u00e8ve, Suisse. Au Royaume-Uni, il","robots":{"index":"index","follow":"follow","max-snippet":"max-snippet:-1","max-image-preview":"max-image-preview:large","max-video-preview":"max-video-preview:-1"},"canonical":"https:\/\/www.ramada-encore-geneve.ch\/de\/impressum\/","og_locale":"de_DE","og_type":"article","og_title":"Impressum | Ramada Encore Geneva","og_description":"EHLP S\u00e0RL est le groupe qui op\u00e8re sous le nom de Ramada Encore Gen\u00e8ve. Son adresse est 10-12 Route des Jeunes, 1227 Gen\u00e8ve, Suisse. Au Royaume-Uni, il","og_url":"https:\/\/www.ramada-encore-geneve.ch\/de\/impressum\/","og_site_name":"Ramada Encore Geneva","article_modified_time":"2022-10-24T08:22:01+00:00","twitter_card":"summary_large_image","twitter_misc":{"Gesch\u00e4tzte Lesezeit":"10 Minuten"},"schema":{"@context":"https:\/\/schema.org","@graph":[{"@type":"WebPage","@id":"https:\/\/www.ramada-encore-geneve.ch\/de\/impressum\/","url":"https:\/\/www.ramada-encore-geneve.ch\/de\/impressum\/","name":"Impressum | Ramada Encore Geneva","isPartOf":{"@id":"https:\/\/www.ramada-encore-geneve.ch\/de\/#website"},"datePublished":"2022-06-22T08:52:43+00:00","dateModified":"2022-10-24T08:22:01+00:00","description":"EHLP S\u00e0RL est le groupe qui op\u00e8re sous le nom de Ramada Encore Gen\u00e8ve. Son adresse est 10-12 Route des Jeunes, 1227 Gen\u00e8ve, Suisse. Au Royaume-Uni, il","breadcrumb":{"@id":"https:\/\/www.ramada-encore-geneve.ch\/de\/impressum\/#breadcrumb"},"inLanguage":"de-DE","potentialAction":[{"@type":"ReadAction","target":["https:\/\/www.ramada-encore-geneve.ch\/de\/impressum\/"]}]},{"@type":"BreadcrumbList","@id":"https:\/\/www.ramada-encore-geneve.ch\/de\/impressum\/#breadcrumb","itemListElement":[{"@type":"ListItem","position":1,"name":"Home","item":"https:\/\/www.ramada-encore-geneve.ch\/de\/"},{"@type":"ListItem","position":2,"name":"Impressum"}]},{"@type":"WebSite","@id":"https:\/\/www.ramada-encore-geneve.ch\/de\/#website","url":"https:\/\/www.ramada-encore-geneve.ch\/de\/","name":"Ramada Encore Geneva","description":"","potentialAction":[{"@type":"SearchAction","target":{"@type":"EntryPoint","urlTemplate":"https:\/\/www.ramada-encore-geneve.ch\/de\/?s={search_term_string}"},"query-input":{"@type":"PropertyValueSpecification","valueRequired":true,"valueName":"search_term_string"}}],"inLanguage":"de-DE"}]}},"acf":[],"_links":{"self":[{"href":"https:\/\/www.ramada-encore-geneve.ch\/de\/wp-json\/wp\/v2\/pages\/611","targetHints":{"allow":["GET"]}}],"collection":[{"href":"https:\/\/www.ramada-encore-geneve.ch\/de\/wp-json\/wp\/v2\/pages"}],"about":[{"href":"https:\/\/www.ramada-encore-geneve.ch\/de\/wp-json\/wp\/v2\/types\/page"}],"author":[{"embeddable":true,"href":"https:\/\/www.ramada-encore-geneve.ch\/de\/wp-json\/wp\/v2\/users\/475"}],"replies":[{"embeddable":true,"href":"https:\/\/www.ramada-encore-geneve.ch\/de\/wp-json\/wp\/v2\/comments?post=611"}],"version-history":[{"count":0,"href":"https:\/\/www.ramada-encore-geneve.ch\/de\/wp-json\/wp\/v2\/pages\/611\/revisions"}],"wp:attachment":[{"href":"https:\/\/www.ramada-encore-geneve.ch\/de\/wp-json\/wp\/v2\/media?parent=611"}],"curies":[{"name":"wp","href":"https:\/\/api.w.org\/{rel}","templated":true}]}}